{"id":1348,"date":"2024-02-08T09:53:24","date_gmt":"2024-02-08T09:53:24","guid":{"rendered":"https:\/\/dev.cori-decor.com\/politica-qualita-ambiente\/"},"modified":"2024-05-28T14:47:57","modified_gmt":"2024-05-28T14:47:57","slug":"qualitaets-und-umweltpolitik","status":"publish","type":"page","link":"https:\/\/dev.cori-decor.com\/de\/qualitaets-und-umweltpolitik\/","title":{"rendered":"Qualit\u00e4ts- und Umweltpolitik"},"content":{"rendered":"<p>[et_pb_section fb_built=&#8220;1&#8243; _builder_version=&#8220;4.24.0&#8243; _module_preset=&#8220;default&#8220; background_image=&#8220;https:\/\/dev.cori-decor.com\/wp-content\/uploads\/2023\/12\/Pattern.png&#8220; custom_padding=&#8220;1%||||false|false&#8220; global_colors_info=&#8220;{}&#8220;][et_pb_row _builder_version=&#8220;4.24.0&#8243; _module_preset=&#8220;default&#8220; width=&#8220;100%&#8220; max_width=&#8220;98%&#8220; custom_padding=&#8220;0px||0px||true|false&#8220; locked=&#8220;off&#8220; global_colors_info=&#8220;{}&#8220;][et_pb_column type=&#8220;4_4&#8243; _builder_version=&#8220;4.24.0&#8243; _module_preset=&#8220;default&#8220; global_colors_info=&#8220;{}&#8220;][dipl_breadcrumb nav_bg_color=&#8220;#F6F6F6&#8243; enable_different_bg=&#8220;on&#8220; breadcrumb_item_custom_padding=&#8220;7%||7%||true|false&#8220; use_home_link_custom_text=&#8220;off&#8220; _builder_version=&#8220;4.24.0&#8243; _module_preset=&#8220;default&#8220; global_text_settings_font_size=&#8220;12px&#8220; text_text_color=&#8220;#F6F6F6&#8243; link_text_color=&#8220;#A4773C&#8220; global_colors_info=&#8220;{}&#8220;][\/dipl_breadcrumb][\/et_pb_column][\/et_pb_row][et_pb_row _builder_version=&#8220;4.23.1&#8243; _module_preset=&#8220;default&#8220; custom_margin=&#8220;||3%||false|false&#8220; global_colors_info=&#8220;{}&#8220;][et_pb_column type=&#8220;4_4&#8243; _builder_version=&#8220;4.23.1&#8243; _module_preset=&#8220;default&#8220; global_colors_info=&#8220;{}&#8220;][et_pb_text _builder_version=&#8220;4.23.4&#8243; _module_preset=&#8220;default&#8220; text_font=&#8220;Edgaramond Italic &#8211; Variable||||||||&#8220; text_font_size=&#8220;23px&#8220; custom_margin=&#8220;||1%||false|false&#8220; custom_margin_tablet=&#8220;||3%||false|false&#8220; custom_margin_phone=&#8220;||7%||false|false&#8220; custom_margin_last_edited=&#8220;on|tablet&#8220; global_colors_info=&#8220;{}&#8220;]<\/p>\n<p>Informationsseite<\/p>\n<p>[\/et_pb_text][et_pb_text _builder_version=&#8220;4.23.4&#8243; _module_preset=&#8220;default&#8220; header_font=&#8220;||||||||&#8220; header_text_align=&#8220;left&#8220; header_font_size=&#8220;7em&#8220; header_font_size_tablet=&#8220;5em&#8220; header_font_size_phone=&#8220;2.8em&#8220; header_font_size_last_edited=&#8220;on|phone&#8220; global_colors_info=&#8220;{}&#8220;]<\/p>\n<h1>Qualit\u00e4ts- und Umweltpolitik<\/h1>\n<p>[\/et_pb_text][\/et_pb_column][\/et_pb_row][et_pb_row _builder_version=&#8220;4.24.0&#8243; _module_preset=&#8220;default&#8220; background_image=&#8220;https:\/\/dev.cori-decor.com\/wp-content\/uploads\/2024\/02\/politica-ambientale-img.jpg&#8220; parallax=&#8220;on&#8220; custom_margin=&#8220;||3%||false|false&#8220; custom_padding=&#8220;0px||0px||true|false&#8220; global_colors_info=&#8220;{}&#8220;][et_pb_column type=&#8220;4_4&#8243; _builder_version=&#8220;4.23.1&#8243; _module_preset=&#8220;default&#8220; global_colors_info=&#8220;{}&#8220;][et_pb_divider show_divider=&#8220;off&#8220; _builder_version=&#8220;4.24.0&#8243; _module_preset=&#8220;default&#8220; height=&#8220;60vh&#8220; height_tablet=&#8220;60vh&#8220; height_phone=&#8220;40vh&#8220; height_last_edited=&#8220;on|phone&#8220; global_colors_info=&#8220;{}&#8220;][\/et_pb_divider][\/et_pb_column][\/et_pb_row][et_pb_row column_structure=&#8220;2_5,3_5&#8243; make_equal=&#8220;on&#8220; _builder_version=&#8220;4.23.4&#8243; _module_preset=&#8220;default&#8220; global_colors_info=&#8220;{}&#8220;][et_pb_column type=&#8220;2_5&#8243; _builder_version=&#8220;4.23.1&#8243; _module_preset=&#8220;default&#8220; global_colors_info=&#8220;{}&#8220;][et_pb_text _builder_version=&#8220;4.24.0&#8243; _module_preset=&#8220;default&#8220; text_font=&#8220;Edgaramond Italic &#8211; Variable||||||||&#8220; header_2_font=&#8220;|||on|||||&#8220; header_2_font_size=&#8220;2em&#8220; custom_margin=&#8220;||0px||false|false&#8220; header_2_font_size_tablet=&#8220;2em&#8220; header_2_font_size_phone=&#8220;2em&#8220; header_2_font_size_last_edited=&#8220;on|phone&#8220; global_colors_info=&#8220;{}&#8220;]<\/p>\n<h2>POLITIK<\/h2>\n<p>[\/et_pb_text][\/et_pb_column][et_pb_column type=&#8220;3_5&#8243; _builder_version=&#8220;4.23.1&#8243; _module_preset=&#8220;default&#8220; global_colors_info=&#8220;{}&#8220;][et_pb_text _builder_version=&#8220;4.24.0&#8243; _module_preset=&#8220;default&#8220; text_font_size=&#8220;16px&#8220; global_colors_info=&#8220;{}&#8220;]<\/p>\n<p>CORI S.R.L. legt die Politik f\u00fcr Qualit\u00e4t und Umwelt im Sinne einer <strong>kontinuierlichen Verbesserung fest, um<\/strong>:<\/p>\n<p><strong><\/strong><\/p>\n<ul>\n<li><strong>Die vollst\u00e4ndige Erf\u00fcllung der Kundenerwartungen zu gew\u00e4hrleisten<\/strong><\/li>\n<li><strong>Die geltende Rechtsvorschriften einzuhalten<\/strong><\/li>\n<li><strong>Die \u00dcbereinstimmung mit den Standards UNI EN ISO 9001:2015<\/strong> und 14001:2015 zu sichern, auf die sich unser Integriertes Managementsystem bezieht.<\/li>\n<\/ul>\n<p>[\/et_pb_text][et_pb_text _builder_version=&#8220;4.24.0&#8243; _module_preset=&#8220;default&#8220; text_font_size=&#8220;16px&#8220; global_colors_info=&#8220;{}&#8220;]<\/p>\n<p>In Bezug auf diese Richtlinie, die ab dem 30. November 2023 gilt, <strong>verpflichtet<\/strong> sich die Gesch\u00e4ftsleitung:<\/p>\n<p><strong><\/strong><\/p>\n<ul>\n<li><strong>Die Konformit\u00e4t <\/strong> unseres Integrierten Managementsystems sicherzustellen;<\/li>\n<li><strong>Die Kundenzufriedenheit zu verbessern; <\/strong><\/li>\n<li><strong>Daten aus der Prozessmessung zu erheben<\/strong>, um eine Bewertung der Unternehmensentwicklung auf der Grundlage dieser objektiven Daten durchzuf\u00fchren;<\/li>\n<li><strong>Strategien zu adoptieren, die die Digitalisierung der Prozesse beschleunigen<\/strong>, um die Einhaltung der Standards zu verbessern;<\/li>\n<li><strong>Diese Politik im gesamten Unternehmen zu verbreiten und anzuwenden. <\/strong><\/li>\n<\/ul>\n<p>[\/et_pb_text][et_pb_text _builder_version=&#8220;4.24.0&#8243; _module_preset=&#8220;default&#8220; text_font_size=&#8220;16px&#8220; global_colors_info=&#8220;{}&#8220;]<\/p>\n<p>Von allen Mitarbeitern wird erwartet, dass sie: <\/p>\n<p><strong><\/strong><\/p>\n<ul>\n<li>Die Politik und die Ziele f\u00fcr Qualit\u00e4t und Umwelt teilen;<\/li>\n<li>Die Verfahren und Betriebsanweisungen des Integrierten Managementsystems anwenden.<\/li>\n<\/ul>\n<p>[\/et_pb_text][\/et_pb_column][\/et_pb_row][et_pb_row column_structure=&#8220;2_5,3_5&#8243; make_equal=&#8220;on&#8220; _builder_version=&#8220;4.24.0&#8243; _module_preset=&#8220;default&#8220; custom_margin=&#8220;3%||||false|false&#8220; custom_padding=&#8220;||0px||false|false&#8220; global_colors_info=&#8220;{}&#8220;][et_pb_column type=&#8220;2_5&#8243; _builder_version=&#8220;4.23.1&#8243; _module_preset=&#8220;default&#8220; global_colors_info=&#8220;{}&#8220;][et_pb_text _builder_version=&#8220;4.24.0&#8243; _module_preset=&#8220;default&#8220; text_font=&#8220;Edgaramond Italic &#8211; Variable||||||||&#8220; header_2_font=&#8220;|||on|||||&#8220; header_2_font_size=&#8220;2em&#8220; custom_margin=&#8220;||0px||false|false&#8220; header_2_font_size_tablet=&#8220;2em&#8220; header_2_font_size_phone=&#8220;2em&#8220; header_2_font_size_last_edited=&#8220;on|phone&#8220; global_colors_info=&#8220;{}&#8220;]<\/p>\n<h2>ZIELE<\/h2>\n<p>[\/et_pb_text][\/et_pb_column][et_pb_column type=&#8220;3_5&#8243; _builder_version=&#8220;4.23.1&#8243; _module_preset=&#8220;default&#8220; global_colors_info=&#8220;{}&#8220;][et_pb_text _builder_version=&#8220;4.24.0&#8243; _module_preset=&#8220;default&#8220; text_font_size=&#8220;16px&#8220; global_colors_info=&#8220;{}&#8220;]<\/p>\n<p>Die Qualit\u00e4ts- und Umweltpolitik verfolgt somit folgende Ziele:<\/p>\n<ul><\/ul>\n<p>[\/et_pb_text][\/et_pb_column][\/et_pb_row][et_pb_row column_structure=&#8220;1_3,1_3,1_3&#8243; use_custom_gutter=&#8220;on&#8220; gutter_width=&#8220;4&#8243; _builder_version=&#8220;4.24.0&#8243; _module_preset=&#8220;default&#8220; custom_margin=&#8220;3%||||false|false&#8220; custom_padding=&#8220;0px||0px||true|false&#8220; global_colors_info=&#8220;{}&#8220;][et_pb_column type=&#8220;1_3&#8243; _builder_version=&#8220;4.23.4&#8243; _module_preset=&#8220;default&#8220; global_colors_info=&#8220;{}&#8220;][et_pb_blurb image=&#8220;https:\/\/dev.cori-decor.com\/wp-content\/uploads\/2024\/02\/certificazione-icon.png&#8220; image_icon_width=&#8220;20%&#8220; icon_placement_tablet=&#8220;&#8220; icon_placement_phone=&#8220;&#8220; icon_placement_last_edited=&#8220;on|phone&#8220; _builder_version=&#8220;4.24.0&#8243; _module_preset=&#8220;default&#8220; body_text_align=&#8220;center&#8220; global_colors_info=&#8220;{}&#8220;]<\/p>\n<p>Die Zertifizierung des Integrierten Managementsystems aufrechtzuerhalten<\/p>\n<p>[\/et_pb_blurb][\/et_pb_column][et_pb_column type=&#8220;1_3&#8243; _builder_version=&#8220;4.23.4&#8243; _module_preset=&#8220;default&#8220; global_colors_info=&#8220;{}&#8220;][et_pb_blurb image=&#8220;https:\/\/dev.cori-decor.com\/wp-content\/uploads\/2024\/02\/soddisfazione-icon.png&#8220; image_icon_width=&#8220;20%&#8220; _builder_version=&#8220;4.24.0&#8243; _module_preset=&#8220;default&#8220; body_text_align=&#8220;center&#8220; global_colors_info=&#8220;{}&#8220;]<\/p>\n<p>Die Kundenzufriedenheit zu maximieren<\/p>\n<p>[\/et_pb_blurb][\/et_pb_column][et_pb_column type=&#8220;1_3&#8243; _builder_version=&#8220;4.23.4&#8243; _module_preset=&#8220;default&#8220; global_colors_info=&#8220;{}&#8220;][et_pb_blurb image=&#8220;https:\/\/dev.cori-decor.com\/wp-content\/uploads\/2024\/02\/nc-icon.png&#8220; image_icon_width=&#8220;20%&#8220; _builder_version=&#8220;4.24.0&#8243; _module_preset=&#8220;default&#8220; body_text_align=&#8220;center&#8220; global_colors_info=&#8220;{}&#8220;]<\/p>\n<p>Die Anzahl der Nichtkonformit\u00e4ten zu minimieren<\/p>\n<p>[\/et_pb_blurb][\/et_pb_column][\/et_pb_row][et_pb_row column_structure=&#8220;1_3,1_3,1_3&#8243; use_custom_gutter=&#8220;on&#8220; gutter_width=&#8220;4&#8243; _builder_version=&#8220;4.24.0&#8243; _module_preset=&#8220;default&#8220; custom_margin=&#8220;3%||||false|false&#8220; custom_padding=&#8220;0px||0px||true|false&#8220; global_colors_info=&#8220;{}&#8220;][et_pb_column type=&#8220;1_3&#8243; _builder_version=&#8220;4.23.4&#8243; _module_preset=&#8220;default&#8220; global_colors_info=&#8220;{}&#8220;][et_pb_blurb image=&#8220;https:\/\/dev.cori-decor.com\/wp-content\/uploads\/2024\/02\/reclami-icon.png&#8220; image_icon_width=&#8220;20%&#8220; icon_placement_tablet=&#8220;&#8220; icon_placement_phone=&#8220;&#8220; icon_placement_last_edited=&#8220;on|phone&#8220; _builder_version=&#8220;4.24.0&#8243; _module_preset=&#8220;default&#8220; body_text_align=&#8220;center&#8220; global_colors_info=&#8220;{}&#8220;]<\/p>\n<p>Die Anzahl der Beschwerden zu minimieren<\/p>\n<p>[\/et_pb_blurb][\/et_pb_column][et_pb_column type=&#8220;1_3&#8243; _builder_version=&#8220;4.23.4&#8243; _module_preset=&#8220;default&#8220; global_colors_info=&#8220;{}&#8220;][et_pb_blurb image=&#8220;https:\/\/dev.cori-decor.com\/wp-content\/uploads\/2024\/02\/fatturato-icon.png&#8220; image_icon_width=&#8220;20%&#8220; _builder_version=&#8220;4.24.0&#8243; _module_preset=&#8220;default&#8220; body_text_align=&#8220;center&#8220; global_colors_info=&#8220;{}&#8220;]<\/p>\n<p>Eine nicht-negative Umsatzdifferenz im Vergleich zum Vorjahr zu erreichen<\/p>\n<p>[\/et_pb_blurb][\/et_pb_column][et_pb_column type=&#8220;1_3&#8243; _builder_version=&#8220;4.23.4&#8243; _module_preset=&#8220;default&#8220; global_colors_info=&#8220;{}&#8220;][et_pb_blurb image=&#8220;https:\/\/dev.cori-decor.com\/wp-content\/uploads\/2024\/02\/personale-icon.png&#8220; image_icon_width=&#8220;20%&#8220; _builder_version=&#8220;4.24.0&#8243; _module_preset=&#8220;default&#8220; body_text_align=&#8220;center&#8220; global_colors_info=&#8220;{}&#8220;]<\/p>\n<p>Das Personal angemessen geschult zu halten<\/p>\n<p>[\/et_pb_blurb][\/et_pb_column][\/et_pb_row][et_pb_row column_structure=&#8220;1_3,1_3,1_3&#8243; use_custom_gutter=&#8220;on&#8220; gutter_width=&#8220;4&#8243; _builder_version=&#8220;4.24.0&#8243; _module_preset=&#8220;default&#8220; custom_margin=&#8220;3%||||false|false&#8220; custom_padding=&#8220;0px||0px||true|false&#8220; global_colors_info=&#8220;{}&#8220;][et_pb_column type=&#8220;1_3&#8243; _builder_version=&#8220;4.23.4&#8243; _module_preset=&#8220;default&#8220; global_colors_info=&#8220;{}&#8220;][et_pb_blurb image=&#8220;https:\/\/dev.cori-decor.com\/wp-content\/uploads\/2024\/02\/performance-icon.png&#8220; image_icon_width=&#8220;20%&#8220; icon_placement_tablet=&#8220;&#8220; icon_placement_phone=&#8220;&#8220; icon_placement_last_edited=&#8220;on|phone&#8220; _builder_version=&#8220;4.24.0&#8243; _module_preset=&#8220;default&#8220; body_text_align=&#8220;center&#8220; global_colors_info=&#8220;{}&#8220;]<\/p>\n<p>Den Ressourcenverbrauch zu optimieren, indem Verschwendung minimiert wird<\/p>\n<p>[\/et_pb_blurb][\/et_pb_column][et_pb_column type=&#8220;1_3&#8243; _builder_version=&#8220;4.23.4&#8243; _module_preset=&#8220;default&#8220; global_colors_info=&#8220;{}&#8220;][et_pb_blurb image=&#8220;https:\/\/dev.cori-decor.com\/wp-content\/uploads\/2024\/02\/smaltimento-icon.png&#8220; image_icon_width=&#8220;20%&#8220; _builder_version=&#8220;4.24.0&#8243; _module_preset=&#8220;default&#8220; body_text_align=&#8220;center&#8220; global_colors_info=&#8220;{}&#8220;]<\/p>\n<p>Die Abfallproduktion zu minimieren und eine nachhaltige Entsorgung zu gew\u00e4hrleisten<\/p>\n<p>[\/et_pb_blurb][\/et_pb_column][et_pb_column type=&#8220;1_3&#8243; _builder_version=&#8220;4.23.4&#8243; _module_preset=&#8220;default&#8220; global_colors_info=&#8220;{}&#8220;][et_pb_blurb image=&#8220;https:\/\/dev.cori-decor.com\/wp-content\/uploads\/2024\/02\/energy-icon.png&#8220; image_icon_width=&#8220;20%&#8220; _builder_version=&#8220;4.24.0&#8243; _module_preset=&#8220;default&#8220; body_text_align=&#8220;center&#8220; global_colors_info=&#8220;{}&#8220;]<\/p>\n<p>Die Umweltauswirkungen des Unternehmens zu minimieren<\/p>\n<p>[\/et_pb_blurb][\/et_pb_column][\/et_pb_row][\/et_pb_section][et_pb_section fb_built=&#8220;1&#8243; _builder_version=&#8220;4.24.0&#8243; _module_preset=&#8220;default&#8220; background_color=&#8220;#A4773C&#8220; custom_padding=&#8220;0px||0px||true|false&#8220; global_colors_info=&#8220;{}&#8220;][et_pb_row _builder_version=&#8220;4.24.0&#8243; _module_preset=&#8220;default&#8220; global_colors_info=&#8220;{}&#8220;][et_pb_column type=&#8220;4_4&#8243; _builder_version=&#8220;4.24.0&#8243; _module_preset=&#8220;default&#8220; global_colors_info=&#8220;{}&#8220;][et_pb_button button_url=&#8220;\/wp-content\/uploads\/2024\/02\/00-D-10_231130_Politica_Qualita_e_Ambiente_r0.pdf&#8220; url_new_window=&#8220;on&#8220; button_text=&#8220;Download Qualit\u00e4ts- und Umweltpolitik&#8220; button_alignment=&#8220;center&#8220; button_alignment_tablet=&#8220;left&#8220; button_alignment_phone=&#8220;left&#8220; button_alignment_last_edited=&#8220;on|tablet&#8220; module_class=&#8220;icon-button-product alternate&#8220; _builder_version=&#8220;4.24.0&#8243; _module_preset=&#8220;default&#8220; custom_button=&#8220;on&#8220; button_text_color=&#8220;#F6F6F6&#8243; button_bg_color=&#8220;RGBA(255,255,255,0)&#8220; button_border_width=&#8220;0px&#8220; button_border_radius=&#8220;0px&#8220; button_font=&#8220;||||||||&#8220; button_icon=&#8220;&#x22;||divi||400&#8243; button_on_hover=&#8220;off&#8220; button_text_size_tablet=&#8220;&#8220; button_text_size_phone=&#8220;17px&#8220; button_text_size_last_edited=&#8220;on|phone&#8220; locked=&#8220;off&#8220; global_colors_info=&#8220;{}&#8220; button_bg_color__hover=&#8220;RGBA(255,255,255,0)&#8220; button_bg_color__hover_enabled=&#8220;on|hover&#8220;][\/et_pb_button][\/et_pb_column][\/et_pb_row][\/et_pb_section]<\/p>\n","protected":false},"excerpt":{"rendered":"<p><div class=\"et_pb_module dipl_breadcrumb dipl_breadcrumb_0\">\n\t\t\t\t\n\t\t\t\t\n\t\t\t\t\n\t\t\t\t\n\t\t\t\t\n\t\t\t\t\n\t\t\t\t<div class=\"et_pb_module_inner\">\n\t\t\t\t\t<div class=\"dipl-breadcrumb-wrapper layout1\">\n\t\t\t\t\t\t\t\t<ol class=\"dipl-breadcrumb-inner\" vocab=\"https:\/\/schema.org\/\" typeof=\"BreadcrumbList\">\n\t\t\t\t\t\t\t\t\t<li property=\"itemListElement\" typeof=\"ListItem\" >\n\t\t\t\t\t\t\t\t\t\t\t\t\t\t    <a class=\"breadcrumb-item dipl-home-page\" href=\"https:\/\/dev.cori-decor.com\/de\/\" property=\"item\" typeof=\"WebPage\" >\n\t\t\t\t\t\t\t\t\t\t\t\t\t\t      \t<span class=\"breadcrumb-page\" property=\"name\">Home<\/span>\n\t\t\t\t\t\t\t\t\t\t\t\t\t\t    <\/a>\n\t\t\t\t\t\t\t\t\t\t\t\t\t\t    <meta property=\"position\" content=\"1\" \/>\n\t\t\t\t\t\t\t\t\t\t\t\t\t\t<\/li>\n\t\t\t\t\t\t\t\t<\/ol>\n\t\t\t\t\t\t\t<\/div>\n\t\t\t\t<\/div>\n\t\t\t<\/div>InformationsseiteQualit\u00e4ts- und UmweltpolitikPOLITIKCORI S.R.L. legt die Politik f\u00fcr Qualit\u00e4t und Umwelt im Sinne einer kontinuierlichen Verbesserung fest, um: Die vollst\u00e4ndige Erf\u00fcllung der Kundenerwartungen zu gew\u00e4hrleisten Die geltende Rechtsvorschriften einzuhalten Die \u00dcbereinstimmung mit den Standards UNI EN ISO 9001:2015 und 14001:2015 zu sichern, auf die sich [&hellip;]<\/p>\n","protected":false},"author":1,"featured_media":0,"parent":0,"menu_order":0,"comment_status":"closed","ping_status":"closed","template":"","meta":{"_acf_changed":false,"_et_pb_use_builder":"on","_et_pb_old_content":"","_et_gb_content_width":"","footnotes":""},"class_list":["post-1348","page","type-page","status-publish","hentry"],"acf":[],"yoast_head":"<!-- This site is optimized with the Yoast SEO plugin v25.4 - https:\/\/yoast.com\/wordpress\/plugins\/seo\/ -->\n<title>Umweltqualit\u00e4tspolitik | Cori Decor<\/title>\n<meta name=\"description\" content=\"Informieren Sie sich \u00fcber unsere Umweltqualit\u00e4tspolitik bei Cori Decor. Wir bem\u00fchen uns, die \u00f6kologischen Auswirkungen zu verringern und die Nachhaltigkeit zu f\u00f6rdern.\" \/>\n<meta name=\"robots\" content=\"noindex, follow, max-snippet:-1, max-image-preview:large, max-video-preview:-1\" \/>\n<meta property=\"og:locale\" content=\"de_DE\" \/>\n<meta property=\"og:type\" content=\"article\" \/>\n<meta property=\"og:title\" content=\"Umweltqualit\u00e4tspolitik | Cori Decor\" \/>\n<meta property=\"og:description\" content=\"Informieren Sie sich \u00fcber unsere Umweltqualit\u00e4tspolitik bei Cori Decor. Wir bem\u00fchen uns, die \u00f6kologischen Auswirkungen zu verringern und die Nachhaltigkeit zu f\u00f6rdern.\" \/>\n<meta property=\"og:url\" content=\"https:\/\/dev.cori-decor.com\/de\/qualitaets-und-umweltpolitik\/\" \/>\n<meta property=\"og:site_name\" content=\"Coridecor\" \/>\n<meta property=\"article:modified_time\" content=\"2024-05-28T14:47:57+00:00\" \/>\n<meta name=\"twitter:card\" content=\"summary_large_image\" \/>\n<meta name=\"twitter:label1\" content=\"Gesch\u00e4tzte Lesezeit\" \/>\n\t<meta name=\"twitter:data1\" content=\"8\u00a0Minuten\" \/>\n<script type=\"application\/ld+json\" class=\"yoast-schema-graph\">{\"@context\":\"https:\/\/schema.org\",\"@graph\":[{\"@type\":\"WebPage\",\"@id\":\"https:\/\/dev.cori-decor.com\/de\/qualitaets-und-umweltpolitik\/\",\"url\":\"https:\/\/dev.cori-decor.com\/de\/qualitaets-und-umweltpolitik\/\",\"name\":\"Umweltqualit\u00e4tspolitik | Cori Decor\",\"isPartOf\":{\"@id\":\"https:\/\/dev.cori-decor.com\/de\/#website\"},\"datePublished\":\"2024-02-08T09:53:24+00:00\",\"dateModified\":\"2024-05-28T14:47:57+00:00\",\"description\":\"Informieren Sie sich \u00fcber unsere Umweltqualit\u00e4tspolitik bei Cori Decor. Wir bem\u00fchen uns, die \u00f6kologischen Auswirkungen zu verringern und die Nachhaltigkeit zu f\u00f6rdern.\",\"breadcrumb\":{\"@id\":\"https:\/\/dev.cori-decor.com\/de\/qualitaets-und-umweltpolitik\/#breadcrumb\"},\"inLanguage\":\"de\",\"potentialAction\":[{\"@type\":\"ReadAction\",\"target\":[\"https:\/\/dev.cori-decor.com\/de\/qualitaets-und-umweltpolitik\/\"]}]},{\"@type\":\"BreadcrumbList\",\"@id\":\"https:\/\/dev.cori-decor.com\/de\/qualitaets-und-umweltpolitik\/#breadcrumb\",\"itemListElement\":[{\"@type\":\"ListItem\",\"position\":1,\"name\":\"Home\",\"item\":\"https:\/\/dev.cori-decor.com\/de\/startseite\/\"},{\"@type\":\"ListItem\",\"position\":2,\"name\":\"Qualit\u00e4ts- und Umweltpolitik\"}]},{\"@type\":\"WebSite\",\"@id\":\"https:\/\/dev.cori-decor.com\/de\/#website\",\"url\":\"https:\/\/dev.cori-decor.com\/de\/\",\"name\":\"Cori Decor\",\"description\":\"\",\"publisher\":{\"@id\":\"https:\/\/dev.cori-decor.com\/de\/#organization\"},\"potentialAction\":[{\"@type\":\"SearchAction\",\"target\":{\"@type\":\"EntryPoint\",\"urlTemplate\":\"https:\/\/dev.cori-decor.com\/de\/?s={search_term_string}\"},\"query-input\":{\"@type\":\"PropertyValueSpecification\",\"valueRequired\":true,\"valueName\":\"search_term_string\"}}],\"inLanguage\":\"de\"},{\"@type\":\"Organization\",\"@id\":\"https:\/\/dev.cori-decor.com\/de\/#organization\",\"name\":\"Cori S.r.l.\",\"url\":\"https:\/\/dev.cori-decor.com\/de\/\",\"logo\":{\"@type\":\"ImageObject\",\"inLanguage\":\"de\",\"@id\":\"https:\/\/dev.cori-decor.com\/de\/#\/schema\/logo\/image\/\",\"url\":\"https:\/\/dev.cori-decor.com\/wp-content\/uploads\/2023\/12\/Logo-CORIDECOR.png\",\"contentUrl\":\"https:\/\/dev.cori-decor.com\/wp-content\/uploads\/2023\/12\/Logo-CORIDECOR.png\",\"width\":828,\"height\":320,\"caption\":\"Cori S.r.l.\"},\"image\":{\"@id\":\"https:\/\/dev.cori-decor.com\/de\/#\/schema\/logo\/image\/\"}}]}<\/script>\n<!-- \/ Yoast SEO plugin. -->","yoast_head_json":{"title":"Umweltqualit\u00e4tspolitik | Cori Decor","description":"Informieren Sie sich \u00fcber unsere Umweltqualit\u00e4tspolitik bei Cori Decor. Wir bem\u00fchen uns, die \u00f6kologischen Auswirkungen zu verringern und die Nachhaltigkeit zu f\u00f6rdern.","robots":{"index":"noindex","follow":"follow","max-snippet":"max-snippet:-1","max-image-preview":"max-image-preview:large","max-video-preview":"max-video-preview:-1"},"og_locale":"de_DE","og_type":"article","og_title":"Umweltqualit\u00e4tspolitik | Cori Decor","og_description":"Informieren Sie sich \u00fcber unsere Umweltqualit\u00e4tspolitik bei Cori Decor. Wir bem\u00fchen uns, die \u00f6kologischen Auswirkungen zu verringern und die Nachhaltigkeit zu f\u00f6rdern.","og_url":"https:\/\/dev.cori-decor.com\/de\/qualitaets-und-umweltpolitik\/","og_site_name":"Coridecor","article_modified_time":"2024-05-28T14:47:57+00:00","twitter_card":"summary_large_image","twitter_misc":{"Gesch\u00e4tzte Lesezeit":"8\u00a0Minuten"},"schema":{"@context":"https:\/\/schema.org","@graph":[{"@type":"WebPage","@id":"https:\/\/dev.cori-decor.com\/de\/qualitaets-und-umweltpolitik\/","url":"https:\/\/dev.cori-decor.com\/de\/qualitaets-und-umweltpolitik\/","name":"Umweltqualit\u00e4tspolitik | Cori Decor","isPartOf":{"@id":"https:\/\/dev.cori-decor.com\/de\/#website"},"datePublished":"2024-02-08T09:53:24+00:00","dateModified":"2024-05-28T14:47:57+00:00","description":"Informieren Sie sich \u00fcber unsere Umweltqualit\u00e4tspolitik bei Cori Decor. Wir bem\u00fchen uns, die \u00f6kologischen Auswirkungen zu verringern und die Nachhaltigkeit zu f\u00f6rdern.","breadcrumb":{"@id":"https:\/\/dev.cori-decor.com\/de\/qualitaets-und-umweltpolitik\/#breadcrumb"},"inLanguage":"de","potentialAction":[{"@type":"ReadAction","target":["https:\/\/dev.cori-decor.com\/de\/qualitaets-und-umweltpolitik\/"]}]},{"@type":"BreadcrumbList","@id":"https:\/\/dev.cori-decor.com\/de\/qualitaets-und-umweltpolitik\/#breadcrumb","itemListElement":[{"@type":"ListItem","position":1,"name":"Home","item":"https:\/\/dev.cori-decor.com\/de\/startseite\/"},{"@type":"ListItem","position":2,"name":"Qualit\u00e4ts- und Umweltpolitik"}]},{"@type":"WebSite","@id":"https:\/\/dev.cori-decor.com\/de\/#website","url":"https:\/\/dev.cori-decor.com\/de\/","name":"Cori Decor","description":"","publisher":{"@id":"https:\/\/dev.cori-decor.com\/de\/#organization"},"potentialAction":[{"@type":"SearchAction","target":{"@type":"EntryPoint","urlTemplate":"https:\/\/dev.cori-decor.com\/de\/?s={search_term_string}"},"query-input":{"@type":"PropertyValueSpecification","valueRequired":true,"valueName":"search_term_string"}}],"inLanguage":"de"},{"@type":"Organization","@id":"https:\/\/dev.cori-decor.com\/de\/#organization","name":"Cori S.r.l.","url":"https:\/\/dev.cori-decor.com\/de\/","logo":{"@type":"ImageObject","inLanguage":"de","@id":"https:\/\/dev.cori-decor.com\/de\/#\/schema\/logo\/image\/","url":"https:\/\/dev.cori-decor.com\/wp-content\/uploads\/2023\/12\/Logo-CORIDECOR.png","contentUrl":"https:\/\/dev.cori-decor.com\/wp-content\/uploads\/2023\/12\/Logo-CORIDECOR.png","width":828,"height":320,"caption":"Cori S.r.l."},"image":{"@id":"https:\/\/dev.cori-decor.com\/de\/#\/schema\/logo\/image\/"}}]}},"_links":{"self":[{"href":"https:\/\/dev.cori-decor.com\/de\/wp-json\/wp\/v2\/pages\/1348","targetHints":{"allow":["GET"]}}],"collection":[{"href":"https:\/\/dev.cori-decor.com\/de\/wp-json\/wp\/v2\/pages"}],"about":[{"href":"https:\/\/dev.cori-decor.com\/de\/wp-json\/wp\/v2\/types\/page"}],"author":[{"embeddable":true,"href":"https:\/\/dev.cori-decor.com\/de\/wp-json\/wp\/v2\/users\/1"}],"replies":[{"embeddable":true,"href":"https:\/\/dev.cori-decor.com\/de\/wp-json\/wp\/v2\/comments?post=1348"}],"version-history":[{"count":6,"href":"https:\/\/dev.cori-decor.com\/de\/wp-json\/wp\/v2\/pages\/1348\/revisions"}],"predecessor-version":[{"id":1675,"href":"https:\/\/dev.cori-decor.com\/de\/wp-json\/wp\/v2\/pages\/1348\/revisions\/1675"}],"wp:attachment":[{"href":"https:\/\/dev.cori-decor.com\/de\/wp-json\/wp\/v2\/media?parent=1348"}],"curies":[{"name":"wp","href":"https:\/\/api.w.org\/{rel}","templated":true}]}}