{"id":1423,"date":"2024-01-18T09:21:35","date_gmt":"2024-01-18T09:21:35","guid":{"rendered":"https:\/\/dev.cori-decor.com\/calce\/"},"modified":"2024-05-28T14:43:01","modified_gmt":"2024-05-28T14:43:01","slug":"calce","status":"publish","type":"page","link":"https:\/\/dev.cori-decor.com\/de\/calce\/","title":{"rendered":"Kalk"},"content":{"rendered":"<p>[et_pb_section fb_built=&#8220;1&#8243; _builder_version=&#8220;4.24.0&#8243; _module_preset=&#8220;default&#8220; background_image=&#8220;https:\/\/dev.cori-decor.com\/wp-content\/uploads\/2023\/12\/Pattern.png&#8220; custom_padding=&#8220;1%||||false|false&#8220; global_colors_info=&#8220;{}&#8220;][et_pb_row _builder_version=&#8220;4.24.0&#8243; _module_preset=&#8220;default&#8220; width=&#8220;100%&#8220; max_width=&#8220;98%&#8220; custom_padding=&#8220;0px||0px||true|false&#8220; global_colors_info=&#8220;{}&#8220;][et_pb_column type=&#8220;4_4&#8243; _builder_version=&#8220;4.24.0&#8243; _module_preset=&#8220;default&#8220; global_colors_info=&#8220;{}&#8220;][dipl_breadcrumb nav_bg_color=&#8220;#F6F6F6&#8243; enable_different_bg=&#8220;on&#8220; breadcrumb_item_custom_padding=&#8220;7%||7%||true|false&#8220; use_home_link_custom_text=&#8220;off&#8220; disabled_on=&#8220;on|on|off&#8220; _builder_version=&#8220;4.24.0&#8243; _module_preset=&#8220;default&#8220; global_text_settings_font_size=&#8220;12px&#8220; text_text_color=&#8220;#F6F6F6&#8243; link_text_color=&#8220;#A4773C&#8220; global_colors_info=&#8220;{}&#8220;][\/dipl_breadcrumb][\/et_pb_column][\/et_pb_row][et_pb_row _builder_version=&#8220;4.23.1&#8243; _module_preset=&#8220;default&#8220; custom_margin=&#8220;||3%||false|false&#8220; global_colors_info=&#8220;{}&#8220; admin_label=&#8220;Riga&#8220;][et_pb_column type=&#8220;4_4&#8243; _builder_version=&#8220;4.23.1&#8243; _module_preset=&#8220;default&#8220; global_colors_info=&#8220;{}&#8220;][et_pb_text _builder_version=&#8220;4.23.4&#8243; _module_preset=&#8220;default&#8220; header_font=&#8220;||||||||&#8220; header_text_align=&#8220;center&#8220; header_font_size=&#8220;7em&#8220; custom_margin=&#8220;||1%||false|false&#8220; header_font_size_tablet=&#8220;7em&#8220; header_font_size_phone=&#8220;4em&#8220; header_font_size_last_edited=&#8220;on|phone&#8220; global_colors_info=&#8220;{}&#8220;]<\/p>\n<h1>Der Kalk<\/h1>\n<p>[\/et_pb_text][et_pb_text _builder_version=&#8220;4.23.4&#8243; _module_preset=&#8220;default&#8220; header_3_text_align=&#8220;center&#8220; header_3_font_size=&#8220;2em&#8220; global_colors_info=&#8220;{}&#8220;]<\/p>\n<h3>Naturbelassen nachhaltig<\/h3>\n<p>[\/et_pb_text][\/et_pb_column][\/et_pb_row][et_pb_row _builder_version=&#8220;4.23.4&#8243; _module_preset=&#8220;default&#8220; background_image=&#8220;https:\/\/dev.cori-decor.com\/wp-content\/uploads\/2023\/12\/0700-copia.jpg&#8220; parallax=&#8220;on&#8220; global_colors_info=&#8220;{}&#8220;][et_pb_column type=&#8220;4_4&#8243; _builder_version=&#8220;4.23.1&#8243; _module_preset=&#8220;default&#8220; global_colors_info=&#8220;{}&#8220;][et_pb_divider show_divider=&#8220;off&#8220; _builder_version=&#8220;4.23.1&#8243; _module_preset=&#8220;default&#8220; height=&#8220;55vh&#8220; height_tablet=&#8220;45vh&#8220; height_phone=&#8220;15vh&#8220; height_last_edited=&#8220;on|tablet&#8220; global_colors_info=&#8220;{}&#8220;][\/et_pb_divider][\/et_pb_column][\/et_pb_row][et_pb_row column_structure=&#8220;1_4,1_2,1_4&#8243; disabled_on=&#8220;on|on|off&#8220; _builder_version=&#8220;4.23.4&#8243; _module_preset=&#8220;default&#8220; custom_margin=&#8220;5%||||false|false&#8220; global_colors_info=&#8220;{}&#8220;][et_pb_column type=&#8220;1_4&#8243; _builder_version=&#8220;4.23.4&#8243; _module_preset=&#8220;default&#8220; global_colors_info=&#8220;{}&#8220;][et_pb_text _builder_version=&#8220;4.23.4&#8243; _module_preset=&#8220;default&#8220; header_3_font_size=&#8220;2em&#8220; scroll_horizontal_motion_enable=&#8220;on&#8220; scroll_horizontal_motion=&#8220;0|50|50|100|2|0|0&#8243; scroll_fade_enable=&#8220;on&#8220; global_colors_info=&#8220;{}&#8220;]<\/p>\n<h3>Luft<\/h3>\n<p>Angewandt nimmt er durch seine Carbonatisierung das freigesetzte CO\u2082 auf<\/p>\n<p>[\/et_pb_text][et_pb_text _builder_version=&#8220;4.23.4&#8243; _module_preset=&#8220;default&#8220; header_3_font_size=&#8220;2em&#8220; custom_margin=&#8220;100%||||false|false&#8220; scroll_horizontal_motion_enable=&#8220;on&#8220; scroll_horizontal_motion=&#8220;0|50|50|100|2|0|0&#8243; scroll_fade_enable=&#8220;on&#8220; global_colors_info=&#8220;{}&#8220;]<\/p>\n<h3>Wasser<\/h3>\n<p>Der gebrannte Kalk wird mit Wasser gel\u00f6scht und muss dann noch etwas l\u00e4nger reifen<\/p>\n<p>[\/et_pb_text][\/et_pb_column][et_pb_column type=&#8220;1_2&#8243; _builder_version=&#8220;4.23.4&#8243; _module_preset=&#8220;default&#8220; global_colors_info=&#8220;{}&#8220;][et_pb_image src=&#8220;https:\/\/dev.cori-decor.com\/wp-content\/uploads\/2024\/01\/0704-cut.png&#8220; title_text=&#8220;0704-cut&#8220; _builder_version=&#8220;4.23.4&#8243; _module_preset=&#8220;default&#8220; scroll_scaling_enable=&#8220;on&#8220; global_colors_info=&#8220;{}&#8220;][\/et_pb_image][\/et_pb_column][et_pb_column type=&#8220;1_4&#8243; _builder_version=&#8220;4.23.4&#8243; _module_preset=&#8220;default&#8220; global_colors_info=&#8220;{}&#8220;][et_pb_text _builder_version=&#8220;4.23.4&#8243; _module_preset=&#8220;default&#8220; header_3_font_size=&#8220;2em&#8220; scroll_horizontal_motion_enable=&#8220;on&#8220; scroll_horizontal_motion=&#8220;0|50|50|100|-2|0|0&#8243; scroll_fade_enable=&#8220;on&#8220; global_colors_info=&#8220;{}&#8220;]<\/p>\n<h3>Erde<\/h3>\n<p>Entstanden aus Kalkstein, aus der Natur am Fu\u00dfe der Dolomiten<\/p>\n<p>[\/et_pb_text][et_pb_text _builder_version=&#8220;4.23.4&#8243; _module_preset=&#8220;default&#8220; header_3_font_size=&#8220;2em&#8220; custom_margin=&#8220;100%||||false|false&#8220; scroll_horizontal_motion_enable=&#8220;on&#8220; scroll_horizontal_motion=&#8220;0|50|50|100|-2|0|0&#8243; scroll_fade_enable=&#8220;on&#8220; global_colors_info=&#8220;{}&#8220;]<\/p>\n<h3>Feuer<\/h3>\n<p>Tagelanges Kalkbrennen erzeugt Calciumoxid<\/p>\n<p>[\/et_pb_text][\/et_pb_column][\/et_pb_row][et_pb_row disabled_on=&#8220;off|off|on&#8220; _builder_version=&#8220;4.23.4&#8243; _module_preset=&#8220;default&#8220; global_colors_info=&#8220;{}&#8220;][et_pb_column type=&#8220;4_4&#8243; _builder_version=&#8220;4.23.4&#8243; _module_preset=&#8220;default&#8220; global_colors_info=&#8220;{}&#8220;][et_pb_image src=&#8220;https:\/\/dev.cori-decor.com\/wp-content\/uploads\/2024\/01\/0704-cut.png&#8220; title_text=&#8220;0704-cut&#8220; _builder_version=&#8220;4.23.4&#8243; _module_preset=&#8220;default&#8220; scroll_scaling_enable=&#8220;on&#8220; locked=&#8220;off&#8220; global_colors_info=&#8220;{}&#8220;][\/et_pb_image][et_pb_text _builder_version=&#8220;4.23.4&#8243; _module_preset=&#8220;default&#8220; header_3_font_size=&#8220;2em&#8220; scroll_horizontal_motion=&#8220;0|50|50|100|-2|0|0&#8243; locked=&#8220;off&#8220; global_colors_info=&#8220;{}&#8220;]<\/p>\n<h3>Erde<\/h3>\n<p>Entstanden aus Kalkstein, aus der Natur am Fu\u00dfe der Dolomiten<\/p>\n<p>[\/et_pb_text][et_pb_text _builder_version=&#8220;4.23.4&#8243; _module_preset=&#8220;default&#8220; header_3_font_size=&#8220;2em&#8220; custom_margin=&#8220;||||false|false&#8220; scroll_horizontal_motion=&#8220;0|50|50|100|2|0|0&#8243; locked=&#8220;off&#8220; global_colors_info=&#8220;{}&#8220;]<\/p>\n<h3>Wasser<\/h3>\n<p>Der gebrannte Kalk wird mit Wasser gel\u00f6scht und muss dann noch etwas l\u00e4nger reifen<\/p>\n<p>[\/et_pb_text][et_pb_text _builder_version=&#8220;4.23.4&#8243; _module_preset=&#8220;default&#8220; header_3_font_size=&#8220;2em&#8220; custom_margin=&#8220;||||false|false&#8220; scroll_horizontal_motion=&#8220;0|50|50|100|-2|0|0&#8243; locked=&#8220;off&#8220; global_colors_info=&#8220;{}&#8220;]<\/p>\n<h3>Feuer<\/h3>\n<p>Tagelanges Kalkbrennen erzeugt Calciumoxid<\/p>\n<p>[\/et_pb_text][et_pb_text _builder_version=&#8220;4.23.4&#8243; _module_preset=&#8220;default&#8220; header_3_font_size=&#8220;2em&#8220; scroll_horizontal_motion=&#8220;0|50|50|100|2|0|0&#8243; locked=&#8220;off&#8220; global_colors_info=&#8220;{}&#8220;]<\/p>\n<h3>Luft<\/h3>\n<p>Angewandt nimmt er durch seine Carbonatisierung das freigesetzte CO\u2082 auf<\/p>\n<p>[\/et_pb_text][\/et_pb_column][\/et_pb_row][et_pb_row column_structure=&#8220;2_5,3_5&#8243; make_equal=&#8220;on&#8220; _builder_version=&#8220;4.23.4&#8243; _module_preset=&#8220;default&#8220; custom_margin=&#8220;5%||||false|false&#8220; custom_css_main_element=&#8220;align-items:flex-end;&#8220; global_colors_info=&#8220;{}&#8220;][et_pb_column type=&#8220;2_5&#8243; _builder_version=&#8220;4.23.1&#8243; _module_preset=&#8220;default&#8220; global_colors_info=&#8220;{}&#8220;][et_pb_image src=&#8220;https:\/\/dev.cori-decor.com\/wp-content\/uploads\/2024\/01\/0702-compress.jpg&#8220; title_text=&#8220;0702-compress&#8220; _builder_version=&#8220;4.23.4&#8243; _module_preset=&#8220;default&#8220; filter_saturate=&#8220;125%&#8220; filter_brightness=&#8220;105%&#8220; filter_contrast=&#8220;125%&#8220; global_colors_info=&#8220;{}&#8220;][\/et_pb_image][\/et_pb_column][et_pb_column type=&#8220;3_5&#8243; _builder_version=&#8220;4.23.1&#8243; _module_preset=&#8220;default&#8220; global_colors_info=&#8220;{}&#8220;][et_pb_text _builder_version=&#8220;4.23.4&#8243; _module_preset=&#8220;default&#8220; text_font=&#8220;Edgaramond Italic &#8211; Variable||||||||&#8220; header_2_font_size=&#8220;4em&#8220; custom_margin=&#8220;||0px||false|false&#8220; header_2_font_size_tablet=&#8220;4em&#8220; header_2_font_size_phone=&#8220;3em&#8220; header_2_font_size_last_edited=&#8220;on|phone&#8220; global_colors_info=&#8220;{}&#8220;]<\/p>\n<h2>Kalk ist nachhaltig<\/h2>\n<p>[\/et_pb_text][et_pb_text _builder_version=&#8220;4.23.1&#8243; _module_preset=&#8220;default&#8220; global_colors_info=&#8220;{}&#8220;]<\/p>\n<p>Durch eine geschickte Verarbeitung des Materials kommen alle nat\u00fcrlichen Eigenschaften des Kalks zur Geltung. Sein nat\u00fcrlich hoher pH-Wert sorgt f\u00fcr eine gesunde und hygienisches Umgebung. Au\u00dferdem widersteht er auch jeglicher Alterung: Im Vergleich zu herk\u00f6mmlichen Produkten reift Kalk, altert aber im Laufe der Zeit nicht<\/p>\n<p>[\/et_pb_text][et_pb_text _builder_version=&#8220;4.23.4&#8243; _module_preset=&#8220;default&#8220; text_font=&#8220;Edgaramond Italic &#8211; Variable||||||||&#8220; header_2_font_size=&#8220;4em&#8220; header_3_font_size=&#8220;3em&#8220; custom_margin=&#8220;10%||0px||false|false&#8220; header_2_font_size_tablet=&#8220;4em&#8220; header_2_font_size_phone=&#8220;3em&#8220; header_2_font_size_last_edited=&#8220;on|phone&#8220; global_colors_info=&#8220;{}&#8220;]<\/p>\n<h3>Die Eigenschaften von Kalk<\/h3>\n<p>[\/et_pb_text][et_pb_text _builder_version=&#8220;4.23.4&#8243; _module_preset=&#8220;default&#8220; global_colors_info=&#8220;{}&#8220;]<\/p>\n<p>Kalk, ein wertvolles nat\u00fcrliches Element, ver\u00e4ndert sich durch eine Vielzahl von Faktoren: den Stein aus dem er stammt, die Umgebung, in der er angewendet wird und den Stil des Dekorateurs. Dank dieser Vielseitigkeit ist er auch abt\u00f6nbar, was der Umgebung, in der er verwendet wird, eine einzigartige Note garantiert. Um die Echtheit unserer Produkte zu bewahren, verwenden wir au\u00dferdem keine k\u00fcnstlichen Stabilisatoren<\/p>\n<p>[\/et_pb_text][\/et_pb_column][\/et_pb_row][et_pb_row _builder_version=&#8220;4.23.4&#8243; _module_preset=&#8220;default&#8220; width=&#8220;100%&#8220; max_width=&#8220;100%&#8220; max_width_tablet=&#8220;80%&#8220; max_width_phone=&#8220;80%&#8220; max_width_last_edited=&#8220;on|tablet&#8220; custom_margin=&#8220;5%||5%||true|false&#8220; global_colors_info=&#8220;{}&#8220;][et_pb_column type=&#8220;4_4&#8243; _builder_version=&#8220;4.23.1&#8243; _module_preset=&#8220;default&#8220; global_colors_info=&#8220;{}&#8220;][ba_animated_text animated_text=&#8220;%91{%22value%22:%22Die Vision von CORIDECOR%22,%22checked%22:0,%22dragID%22:-1}%93&#8243; animation_type=&#8220;tilt&#8220; tilt_in=&#8220;flipInY&#8220; tilt_out=&#8220;flipOutY&#8220; text_alignment=&#8220;center&#8220; _builder_version=&#8220;4.23.4&#8243; _module_preset=&#8220;default&#8220; animated_font_size=&#8220;4em&#8220; animated_font_size_tablet=&#8220;4em&#8220; animated_font_size_phone=&#8220;2em&#8220; animated_font_size_last_edited=&#8220;on|phone&#8220; global_colors_info=&#8220;{}&#8220;][\/ba_animated_text][\/et_pb_column][\/et_pb_row][et_pb_row column_structure=&#8220;1_2,1_2&#8243; make_equal=&#8220;on&#8220; _builder_version=&#8220;4.23.4&#8243; _module_preset=&#8220;default&#8220; custom_css_main_element=&#8220;align-items:center;&#8220; global_colors_info=&#8220;{}&#8220;][et_pb_column type=&#8220;1_2&#8243; _builder_version=&#8220;4.23.1&#8243; _module_preset=&#8220;default&#8220; global_colors_info=&#8220;{}&#8220;][et_pb_text _builder_version=&#8220;4.23.1&#8243; _module_preset=&#8220;default&#8220; global_colors_info=&#8220;{}&#8220;]<\/p>\n<p>CORIDECOR bereichert modernes Ambiente mit ethischen Werten, Sch\u00f6nheit und Innovation. Eine nachhaltige Zukunft ist nur mit zirkul\u00e4ren Materialien m\u00f6glich, die die Umwelt schonen und dazu beitragen, die Auswirkungen auf k\u00fcnftige Generationen zu reduzieren.<\/p>\n<p>[\/et_pb_text][et_pb_button button_url=&#8220;@ET-DC@eyJkeW5hbWljIjp0cnVlLCJjb250ZW50IjoicG9zdF9saW5rX3VybF9wYWdlIiwic2V0dGluZ3MiOnsicG9zdF9pZCI6IjM2In19@&#8220; button_text=&#8220;Entdecken Sie unsere Geschichte&#8220; button_alignment=&#8220;right&#8220; button_alignment_tablet=&#8220;center&#8220; button_alignment_phone=&#8220;center&#8220; button_alignment_last_edited=&#8220;on|tablet&#8220; module_class=&#8220;icon-button-product&#8220; _builder_version=&#8220;4.23.4&#8243; _dynamic_attributes=&#8220;button_url&#8220; _module_preset=&#8220;default&#8220; custom_button=&#8220;on&#8220; button_bg_color=&#8220;RGBA(255,255,255,0)&#8220; button_border_width=&#8220;0px&#8220; button_border_radius=&#8220;0px&#8220; button_icon=&#8220;&#x24;||divi||400&#8243; button_on_hover=&#8220;off&#8220; locked=&#8220;off&#8220; global_colors_info=&#8220;{}&#8220; button_bg_color__hover=&#8220;RGBA(255,255,255,0)&#8220; button_bg_color__hover_enabled=&#8220;on|hover&#8220;][\/et_pb_button][et_pb_button button_url=&#8220;@ET-DC@eyJkeW5hbWljIjp0cnVlLCJjb250ZW50IjoicG9zdF9saW5rX3VybF9wYWdlIiwic2V0dGluZ3MiOnsicG9zdF9pZCI6IjM2In19@&#8220; button_text=&#8220;Kontaktieren Sie uns&#8220; button_alignment=&#8220;right&#8220; button_alignment_tablet=&#8220;center&#8220; button_alignment_phone=&#8220;center&#8220; button_alignment_last_edited=&#8220;on|tablet&#8220; module_class=&#8220;icon-button-product&#8220; _builder_version=&#8220;4.23.4&#8243; _dynamic_attributes=&#8220;button_url&#8220; _module_preset=&#8220;default&#8220; custom_button=&#8220;on&#8220; button_bg_color=&#8220;RGBA(255,255,255,0)&#8220; button_border_width=&#8220;0px&#8220; button_border_radius=&#8220;0px&#8220; button_icon=&#8220;&#x24;||divi||400&#8243; button_on_hover=&#8220;off&#8220; locked=&#8220;off&#8220; global_colors_info=&#8220;{}&#8220; button_bg_color__hover=&#8220;RGBA(255,255,255,0)&#8220; button_bg_color__hover_enabled=&#8220;on|hover&#8220;][\/et_pb_button][\/et_pb_column][et_pb_column type=&#8220;1_2&#8243; _builder_version=&#8220;4.23.1&#8243; _module_preset=&#8220;default&#8220; global_colors_info=&#8220;{}&#8220;][et_pb_image src=&#8220;https:\/\/dev.cori-decor.com\/wp-content\/uploads\/2024\/01\/0701-compress.jpg&#8220; title_text=&#8220;0701-compress&#8220; _builder_version=&#8220;4.23.4&#8243; _module_preset=&#8220;default&#8220; filter_brightness=&#8220;110%&#8220; filter_contrast=&#8220;115%&#8220; global_colors_info=&#8220;{}&#8220;][\/et_pb_image][\/et_pb_column][\/et_pb_row][\/et_pb_section]<\/p>\n","protected":false},"excerpt":{"rendered":"<p><div class=\"et_pb_module dipl_breadcrumb dipl_breadcrumb_0\">\n\t\t\t\t\n\t\t\t\t\n\t\t\t\t\n\t\t\t\t\n\t\t\t\t\n\t\t\t\t\n\t\t\t\t<div class=\"et_pb_module_inner\">\n\t\t\t\t\t<div class=\"dipl-breadcrumb-wrapper layout1\">\n\t\t\t\t\t\t\t\t<ol class=\"dipl-breadcrumb-inner\" vocab=\"https:\/\/schema.org\/\" typeof=\"BreadcrumbList\">\n\t\t\t\t\t\t\t\t\t<li property=\"itemListElement\" typeof=\"ListItem\" >\n\t\t\t\t\t\t\t\t\t\t\t\t\t\t    <a class=\"breadcrumb-item dipl-home-page\" href=\"https:\/\/dev.cori-decor.com\/de\/\" property=\"item\" typeof=\"WebPage\" >\n\t\t\t\t\t\t\t\t\t\t\t\t\t\t      \t<span class=\"breadcrumb-page\" property=\"name\">Home<\/span>\n\t\t\t\t\t\t\t\t\t\t\t\t\t\t    <\/a>\n\t\t\t\t\t\t\t\t\t\t\t\t\t\t    <meta property=\"position\" content=\"1\" \/>\n\t\t\t\t\t\t\t\t\t\t\t\t\t\t<\/li>\n\t\t\t\t\t\t\t\t<\/ol>\n\t\t\t\t\t\t\t<\/div>\n\t\t\t\t<\/div>\n\t\t\t<\/div>Der KalkNaturbelassen nachhaltigLuft Angewandt nimmt er durch seine Carbonatisierung das freigesetzte CO\u2082 aufWasser Der gebrannte Kalk wird mit Wasser gel\u00f6scht und muss dann noch etwas l\u00e4nger reifenErde Entstanden aus Kalkstein, aus der Natur am Fu\u00dfe der DolomitenFeuer Tagelanges Kalkbrennen erzeugt CalciumoxidErde Entstanden aus Kalkstein, [&hellip;]<\/p>\n","protected":false},"author":1,"featured_media":0,"parent":0,"menu_order":0,"comment_status":"closed","ping_status":"closed","template":"","meta":{"_acf_changed":false,"_et_pb_use_builder":"on","_et_pb_old_content":"","_et_gb_content_width":"","footnotes":""},"class_list":["post-1423","page","type-page","status-publish","hentry"],"acf":[],"yoast_head":"<!-- This site is optimized with the Yoast SEO plugin v25.4 - https:\/\/yoast.com\/wordpress\/plugins\/seo\/ -->\n<title>Hochwertiger Kalk f\u00fcr Ihre W\u00e4nde | Cori Decor<\/title>\n<meta name=\"description\" content=\"Entdecken Sie unsere Auswahl an hochwertigem Kalk f\u00fcr fertige W\u00e4nde. W\u00e4hlen Sie Cori Decor f\u00fcr Ihre Dekorationsprojekte.\" \/>\n<meta name=\"robots\" content=\"noindex, follow, max-snippet:-1, max-image-preview:large, max-video-preview:-1\" \/>\n<meta property=\"og:locale\" content=\"de_DE\" \/>\n<meta property=\"og:type\" content=\"article\" \/>\n<meta property=\"og:title\" content=\"Hochwertiger Kalk f\u00fcr Ihre W\u00e4nde | Cori Decor\" \/>\n<meta property=\"og:description\" content=\"Entdecken Sie unsere Auswahl an hochwertigem Kalk f\u00fcr fertige W\u00e4nde. W\u00e4hlen Sie Cori Decor f\u00fcr Ihre Dekorationsprojekte.\" \/>\n<meta property=\"og:url\" content=\"https:\/\/dev.cori-decor.com\/de\/calce\/\" \/>\n<meta property=\"og:site_name\" content=\"Coridecor\" \/>\n<meta property=\"article:modified_time\" content=\"2024-05-28T14:43:01+00:00\" \/>\n<meta name=\"twitter:card\" content=\"summary_large_image\" \/>\n<meta name=\"twitter:label1\" content=\"Gesch\u00e4tzte Lesezeit\" \/>\n\t<meta name=\"twitter:data1\" content=\"8\u00a0Minuten\" \/>\n<script type=\"application\/ld+json\" class=\"yoast-schema-graph\">{\"@context\":\"https:\/\/schema.org\",\"@graph\":[{\"@type\":\"WebPage\",\"@id\":\"https:\/\/dev.cori-decor.com\/de\/calce\/\",\"url\":\"https:\/\/dev.cori-decor.com\/de\/calce\/\",\"name\":\"Hochwertiger Kalk f\u00fcr Ihre W\u00e4nde | Cori Decor\",\"isPartOf\":{\"@id\":\"https:\/\/dev.cori-decor.com\/de\/#website\"},\"datePublished\":\"2024-01-18T09:21:35+00:00\",\"dateModified\":\"2024-05-28T14:43:01+00:00\",\"description\":\"Entdecken Sie unsere Auswahl an hochwertigem Kalk f\u00fcr fertige W\u00e4nde. W\u00e4hlen Sie Cori Decor f\u00fcr Ihre Dekorationsprojekte.\",\"breadcrumb\":{\"@id\":\"https:\/\/dev.cori-decor.com\/de\/calce\/#breadcrumb\"},\"inLanguage\":\"de\",\"potentialAction\":[{\"@type\":\"ReadAction\",\"target\":[\"https:\/\/dev.cori-decor.com\/de\/calce\/\"]}]},{\"@type\":\"BreadcrumbList\",\"@id\":\"https:\/\/dev.cori-decor.com\/de\/calce\/#breadcrumb\",\"itemListElement\":[{\"@type\":\"ListItem\",\"position\":1,\"name\":\"Home\",\"item\":\"https:\/\/dev.cori-decor.com\/de\/startseite\/\"},{\"@type\":\"ListItem\",\"position\":2,\"name\":\"Kalk\"}]},{\"@type\":\"WebSite\",\"@id\":\"https:\/\/dev.cori-decor.com\/de\/#website\",\"url\":\"https:\/\/dev.cori-decor.com\/de\/\",\"name\":\"Cori Decor\",\"description\":\"\",\"publisher\":{\"@id\":\"https:\/\/dev.cori-decor.com\/de\/#organization\"},\"potentialAction\":[{\"@type\":\"SearchAction\",\"target\":{\"@type\":\"EntryPoint\",\"urlTemplate\":\"https:\/\/dev.cori-decor.com\/de\/?s={search_term_string}\"},\"query-input\":{\"@type\":\"PropertyValueSpecification\",\"valueRequired\":true,\"valueName\":\"search_term_string\"}}],\"inLanguage\":\"de\"},{\"@type\":\"Organization\",\"@id\":\"https:\/\/dev.cori-decor.com\/de\/#organization\",\"name\":\"Cori S.r.l.\",\"url\":\"https:\/\/dev.cori-decor.com\/de\/\",\"logo\":{\"@type\":\"ImageObject\",\"inLanguage\":\"de\",\"@id\":\"https:\/\/dev.cori-decor.com\/de\/#\/schema\/logo\/image\/\",\"url\":\"https:\/\/dev.cori-decor.com\/wp-content\/uploads\/2023\/12\/Logo-CORIDECOR.png\",\"contentUrl\":\"https:\/\/dev.cori-decor.com\/wp-content\/uploads\/2023\/12\/Logo-CORIDECOR.png\",\"width\":828,\"height\":320,\"caption\":\"Cori S.r.l.\"},\"image\":{\"@id\":\"https:\/\/dev.cori-decor.com\/de\/#\/schema\/logo\/image\/\"}}]}<\/script>\n<!-- \/ Yoast SEO plugin. -->","yoast_head_json":{"title":"Hochwertiger Kalk f\u00fcr Ihre W\u00e4nde | Cori Decor","description":"Entdecken Sie unsere Auswahl an hochwertigem Kalk f\u00fcr fertige W\u00e4nde. W\u00e4hlen Sie Cori Decor f\u00fcr Ihre Dekorationsprojekte.","robots":{"index":"noindex","follow":"follow","max-snippet":"max-snippet:-1","max-image-preview":"max-image-preview:large","max-video-preview":"max-video-preview:-1"},"og_locale":"de_DE","og_type":"article","og_title":"Hochwertiger Kalk f\u00fcr Ihre W\u00e4nde | Cori Decor","og_description":"Entdecken Sie unsere Auswahl an hochwertigem Kalk f\u00fcr fertige W\u00e4nde. W\u00e4hlen Sie Cori Decor f\u00fcr Ihre Dekorationsprojekte.","og_url":"https:\/\/dev.cori-decor.com\/de\/calce\/","og_site_name":"Coridecor","article_modified_time":"2024-05-28T14:43:01+00:00","twitter_card":"summary_large_image","twitter_misc":{"Gesch\u00e4tzte Lesezeit":"8\u00a0Minuten"},"schema":{"@context":"https:\/\/schema.org","@graph":[{"@type":"WebPage","@id":"https:\/\/dev.cori-decor.com\/de\/calce\/","url":"https:\/\/dev.cori-decor.com\/de\/calce\/","name":"Hochwertiger Kalk f\u00fcr Ihre W\u00e4nde | Cori Decor","isPartOf":{"@id":"https:\/\/dev.cori-decor.com\/de\/#website"},"datePublished":"2024-01-18T09:21:35+00:00","dateModified":"2024-05-28T14:43:01+00:00","description":"Entdecken Sie unsere Auswahl an hochwertigem Kalk f\u00fcr fertige W\u00e4nde. W\u00e4hlen Sie Cori Decor f\u00fcr Ihre Dekorationsprojekte.","breadcrumb":{"@id":"https:\/\/dev.cori-decor.com\/de\/calce\/#breadcrumb"},"inLanguage":"de","potentialAction":[{"@type":"ReadAction","target":["https:\/\/dev.cori-decor.com\/de\/calce\/"]}]},{"@type":"BreadcrumbList","@id":"https:\/\/dev.cori-decor.com\/de\/calce\/#breadcrumb","itemListElement":[{"@type":"ListItem","position":1,"name":"Home","item":"https:\/\/dev.cori-decor.com\/de\/startseite\/"},{"@type":"ListItem","position":2,"name":"Kalk"}]},{"@type":"WebSite","@id":"https:\/\/dev.cori-decor.com\/de\/#website","url":"https:\/\/dev.cori-decor.com\/de\/","name":"Cori Decor","description":"","publisher":{"@id":"https:\/\/dev.cori-decor.com\/de\/#organization"},"potentialAction":[{"@type":"SearchAction","target":{"@type":"EntryPoint","urlTemplate":"https:\/\/dev.cori-decor.com\/de\/?s={search_term_string}"},"query-input":{"@type":"PropertyValueSpecification","valueRequired":true,"valueName":"search_term_string"}}],"inLanguage":"de"},{"@type":"Organization","@id":"https:\/\/dev.cori-decor.com\/de\/#organization","name":"Cori S.r.l.","url":"https:\/\/dev.cori-decor.com\/de\/","logo":{"@type":"ImageObject","inLanguage":"de","@id":"https:\/\/dev.cori-decor.com\/de\/#\/schema\/logo\/image\/","url":"https:\/\/dev.cori-decor.com\/wp-content\/uploads\/2023\/12\/Logo-CORIDECOR.png","contentUrl":"https:\/\/dev.cori-decor.com\/wp-content\/uploads\/2023\/12\/Logo-CORIDECOR.png","width":828,"height":320,"caption":"Cori S.r.l."},"image":{"@id":"https:\/\/dev.cori-decor.com\/de\/#\/schema\/logo\/image\/"}}]}},"_links":{"self":[{"href":"https:\/\/dev.cori-decor.com\/de\/wp-json\/wp\/v2\/pages\/1423","targetHints":{"allow":["GET"]}}],"collection":[{"href":"https:\/\/dev.cori-decor.com\/de\/wp-json\/wp\/v2\/pages"}],"about":[{"href":"https:\/\/dev.cori-decor.com\/de\/wp-json\/wp\/v2\/types\/page"}],"author":[{"embeddable":true,"href":"https:\/\/dev.cori-decor.com\/de\/wp-json\/wp\/v2\/users\/1"}],"replies":[{"embeddable":true,"href":"https:\/\/dev.cori-decor.com\/de\/wp-json\/wp\/v2\/comments?post=1423"}],"version-history":[{"count":6,"href":"https:\/\/dev.cori-decor.com\/de\/wp-json\/wp\/v2\/pages\/1423\/revisions"}],"predecessor-version":[{"id":1660,"href":"https:\/\/dev.cori-decor.com\/de\/wp-json\/wp\/v2\/pages\/1423\/revisions\/1660"}],"wp:attachment":[{"href":"https:\/\/dev.cori-decor.com\/de\/wp-json\/wp\/v2\/media?parent=1423"}],"curies":[{"name":"wp","href":"https:\/\/api.w.org\/{rel}","templated":true}]}}