{"id":1513,"date":"2023-12-19T09:49:42","date_gmt":"2023-12-19T09:49:42","guid":{"rendered":"https:\/\/dev.cori-decor.com\/prodotto\/pietraviva\/"},"modified":"2024-05-28T15:15:26","modified_gmt":"2024-05-28T15:15:26","slug":"pietraviva","status":"publish","type":"product","link":"https:\/\/dev.cori-decor.com\/de\/produkt\/pietraviva\/","title":{"rendered":"Pietraviva"},"content":{"rendered":"<p>Eine moderne Hommage an den Kalkstein. Die visuelle Wirkung erinnert an nat\u00fcrliche Marmoroberfl\u00e4chen, die sich je nach Betrachtungswinkel ver\u00e4ndern und f\u00fcr ein intensives und faszinierendes Licht- und Schattenspiel sorgen Ein intensives und faszinierendes Schattenspiel<\/p>\n","protected":false},"excerpt":{"rendered":"<p>Naturstein-Effekt f\u00fcr Innenr\u00e4ume<\/p>\n","protected":false},"featured_media":629,"comment_status":"open","ping_status":"closed","template":"","meta":{"_acf_changed":false,"_et_pb_use_builder":"off","_et_pb_old_content":"Eine moderne Hommage an den Kalkstein. Die visuelle Wirkung erinnert an nat\u00fcrliche Marmoroberfl\u00e4chen, die sich je nach Betrachtungswinkel ver\u00e4ndern und f\u00fcr ein intensives und faszinierendes Licht- und Schattenspiel sorgen Ein intensives und faszinierendes Schattenspiel","_et_gb_content_width":""},"product_brand":[],"product_cat":[117],"product_tag":[],"class_list":{"0":"post-1513","1":"product","2":"type-product","3":"status-publish","4":"has-post-thumbnail","6":"product_cat-unkategorisiert","8":"first","9":"instock","10":"shipping-taxable","11":"product-type-simple"},"acf":[],"yoast_head":"<!-- This site is optimized with the Yoast SEO plugin v25.4 - https:\/\/yoast.com\/wordpress\/plugins\/seo\/ -->\n<title>Pietraviva - Verkleidungen aus Naturstein f\u00fcr Innenr\u00e4ume<\/title>\n<meta name=\"description\" content=\"Entdecken Sie Pietraviva von Cori Decor, die dekorative Verkleidung auf Kalkbasis, die den Materialeffekt von Naturstein f\u00fcr Innenr\u00e4ume nachahmt.\" \/>\n<meta name=\"robots\" content=\"noindex, follow, max-snippet:-1, max-image-preview:large, max-video-preview:-1\" \/>\n<meta property=\"og:locale\" content=\"de_DE\" \/>\n<meta property=\"og:type\" content=\"article\" \/>\n<meta property=\"og:title\" content=\"Pietraviva - Verkleidungen aus Naturstein f\u00fcr Innenr\u00e4ume\" \/>\n<meta property=\"og:description\" content=\"Entdecken Sie Pietraviva von Cori Decor, die dekorative Verkleidung auf Kalkbasis, die den Materialeffekt von Naturstein f\u00fcr Innenr\u00e4ume nachahmt.\" \/>\n<meta property=\"og:url\" content=\"https:\/\/dev.cori-decor.com\/de\/produkt\/pietraviva\/\" \/>\n<meta property=\"og:site_name\" content=\"Coridecor\" \/>\n<meta property=\"article:modified_time\" content=\"2024-05-28T15:15:26+00:00\" \/>\n<meta property=\"og:image\" content=\"https:\/\/dev.cori-decor.com\/wp-content\/uploads\/2023\/12\/0602-compress.jpg\" \/>\n\t<meta property=\"og:image:width\" content=\"1080\" \/>\n\t<meta property=\"og:image:height\" content=\"1620\" \/>\n\t<meta property=\"og:image:type\" content=\"image\/jpeg\" \/>\n<meta name=\"twitter:card\" content=\"summary_large_image\" \/>\n<script type=\"application\/ld+json\" class=\"yoast-schema-graph\">{\"@context\":\"https:\/\/schema.org\",\"@graph\":[{\"@type\":\"WebPage\",\"@id\":\"https:\/\/dev.cori-decor.com\/de\/produkt\/pietraviva\/\",\"url\":\"https:\/\/dev.cori-decor.com\/de\/produkt\/pietraviva\/\",\"name\":\"Pietraviva - Verkleidungen aus Naturstein f\u00fcr Innenr\u00e4ume\",\"isPartOf\":{\"@id\":\"https:\/\/dev.cori-decor.com\/de\/#website\"},\"primaryImageOfPage\":{\"@id\":\"https:\/\/dev.cori-decor.com\/de\/produkt\/pietraviva\/#primaryimage\"},\"image\":{\"@id\":\"https:\/\/dev.cori-decor.com\/de\/produkt\/pietraviva\/#primaryimage\"},\"thumbnailUrl\":\"https:\/\/dev.cori-decor.com\/wp-content\/uploads\/2023\/12\/0602-compress.jpg\",\"datePublished\":\"2023-12-19T09:49:42+00:00\",\"dateModified\":\"2024-05-28T15:15:26+00:00\",\"description\":\"Entdecken Sie Pietraviva von Cori Decor, die dekorative Verkleidung auf Kalkbasis, die den Materialeffekt von Naturstein f\u00fcr Innenr\u00e4ume nachahmt.\",\"breadcrumb\":{\"@id\":\"https:\/\/dev.cori-decor.com\/de\/produkt\/pietraviva\/#breadcrumb\"},\"inLanguage\":\"de\",\"potentialAction\":[{\"@type\":\"ReadAction\",\"target\":[\"https:\/\/dev.cori-decor.com\/de\/produkt\/pietraviva\/\"]}]},{\"@type\":\"ImageObject\",\"inLanguage\":\"de\",\"@id\":\"https:\/\/dev.cori-decor.com\/de\/produkt\/pietraviva\/#primaryimage\",\"url\":\"https:\/\/dev.cori-decor.com\/wp-content\/uploads\/2023\/12\/0602-compress.jpg\",\"contentUrl\":\"https:\/\/dev.cori-decor.com\/wp-content\/uploads\/2023\/12\/0602-compress.jpg\",\"width\":1080,\"height\":1620,\"caption\":\"pietraviva\"},{\"@type\":\"BreadcrumbList\",\"@id\":\"https:\/\/dev.cori-decor.com\/de\/produkt\/pietraviva\/#breadcrumb\",\"itemListElement\":[{\"@type\":\"ListItem\",\"position\":1,\"name\":\"Home\",\"item\":\"https:\/\/dev.cori-decor.com\/de\/startseite\/\"},{\"@type\":\"ListItem\",\"position\":2,\"name\":\"Finiture\",\"item\":\"https:\/\/dev.cori-decor.com\/finiture\/\"},{\"@type\":\"ListItem\",\"position\":3,\"name\":\"Pietraviva\"}]},{\"@type\":\"WebSite\",\"@id\":\"https:\/\/dev.cori-decor.com\/de\/#website\",\"url\":\"https:\/\/dev.cori-decor.com\/de\/\",\"name\":\"Cori Decor\",\"description\":\"\",\"publisher\":{\"@id\":\"https:\/\/dev.cori-decor.com\/de\/#organization\"},\"potentialAction\":[{\"@type\":\"SearchAction\",\"target\":{\"@type\":\"EntryPoint\",\"urlTemplate\":\"https:\/\/dev.cori-decor.com\/de\/?s={search_term_string}\"},\"query-input\":{\"@type\":\"PropertyValueSpecification\",\"valueRequired\":true,\"valueName\":\"search_term_string\"}}],\"inLanguage\":\"de\"},{\"@type\":\"Organization\",\"@id\":\"https:\/\/dev.cori-decor.com\/de\/#organization\",\"name\":\"Cori S.r.l.\",\"url\":\"https:\/\/dev.cori-decor.com\/de\/\",\"logo\":{\"@type\":\"ImageObject\",\"inLanguage\":\"de\",\"@id\":\"https:\/\/dev.cori-decor.com\/de\/#\/schema\/logo\/image\/\",\"url\":\"https:\/\/dev.cori-decor.com\/wp-content\/uploads\/2023\/12\/Logo-CORIDECOR.png\",\"contentUrl\":\"https:\/\/dev.cori-decor.com\/wp-content\/uploads\/2023\/12\/Logo-CORIDECOR.png\",\"width\":828,\"height\":320,\"caption\":\"Cori S.r.l.\"},\"image\":{\"@id\":\"https:\/\/dev.cori-decor.com\/de\/#\/schema\/logo\/image\/\"}}]}<\/script>\n<!-- \/ Yoast SEO plugin. -->","yoast_head_json":{"title":"Pietraviva - Verkleidungen aus Naturstein f\u00fcr Innenr\u00e4ume","description":"Entdecken Sie Pietraviva von Cori Decor, die dekorative Verkleidung auf Kalkbasis, die den Materialeffekt von Naturstein f\u00fcr Innenr\u00e4ume nachahmt.","robots":{"index":"noindex","follow":"follow","max-snippet":"max-snippet:-1","max-image-preview":"max-image-preview:large","max-video-preview":"max-video-preview:-1"},"og_locale":"de_DE","og_type":"article","og_title":"Pietraviva - Verkleidungen aus Naturstein f\u00fcr Innenr\u00e4ume","og_description":"Entdecken Sie Pietraviva von Cori Decor, die dekorative Verkleidung auf Kalkbasis, die den Materialeffekt von Naturstein f\u00fcr Innenr\u00e4ume nachahmt.","og_url":"https:\/\/dev.cori-decor.com\/de\/produkt\/pietraviva\/","og_site_name":"Coridecor","article_modified_time":"2024-05-28T15:15:26+00:00","og_image":[{"width":1080,"height":1620,"url":"https:\/\/dev.cori-decor.com\/wp-content\/uploads\/2023\/12\/0602-compress.jpg","type":"image\/jpeg"}],"twitter_card":"summary_large_image","schema":{"@context":"https:\/\/schema.org","@graph":[{"@type":"WebPage","@id":"https:\/\/dev.cori-decor.com\/de\/produkt\/pietraviva\/","url":"https:\/\/dev.cori-decor.com\/de\/produkt\/pietraviva\/","name":"Pietraviva - Verkleidungen aus Naturstein f\u00fcr Innenr\u00e4ume","isPartOf":{"@id":"https:\/\/dev.cori-decor.com\/de\/#website"},"primaryImageOfPage":{"@id":"https:\/\/dev.cori-decor.com\/de\/produkt\/pietraviva\/#primaryimage"},"image":{"@id":"https:\/\/dev.cori-decor.com\/de\/produkt\/pietraviva\/#primaryimage"},"thumbnailUrl":"https:\/\/dev.cori-decor.com\/wp-content\/uploads\/2023\/12\/0602-compress.jpg","datePublished":"2023-12-19T09:49:42+00:00","dateModified":"2024-05-28T15:15:26+00:00","description":"Entdecken Sie Pietraviva von Cori Decor, die dekorative Verkleidung auf Kalkbasis, die den Materialeffekt von Naturstein f\u00fcr Innenr\u00e4ume nachahmt.","breadcrumb":{"@id":"https:\/\/dev.cori-decor.com\/de\/produkt\/pietraviva\/#breadcrumb"},"inLanguage":"de","potentialAction":[{"@type":"ReadAction","target":["https:\/\/dev.cori-decor.com\/de\/produkt\/pietraviva\/"]}]},{"@type":"ImageObject","inLanguage":"de","@id":"https:\/\/dev.cori-decor.com\/de\/produkt\/pietraviva\/#primaryimage","url":"https:\/\/dev.cori-decor.com\/wp-content\/uploads\/2023\/12\/0602-compress.jpg","contentUrl":"https:\/\/dev.cori-decor.com\/wp-content\/uploads\/2023\/12\/0602-compress.jpg","width":1080,"height":1620,"caption":"pietraviva"},{"@type":"BreadcrumbList","@id":"https:\/\/dev.cori-decor.com\/de\/produkt\/pietraviva\/#breadcrumb","itemListElement":[{"@type":"ListItem","position":1,"name":"Home","item":"https:\/\/dev.cori-decor.com\/de\/startseite\/"},{"@type":"ListItem","position":2,"name":"Finiture","item":"https:\/\/dev.cori-decor.com\/finiture\/"},{"@type":"ListItem","position":3,"name":"Pietraviva"}]},{"@type":"WebSite","@id":"https:\/\/dev.cori-decor.com\/de\/#website","url":"https:\/\/dev.cori-decor.com\/de\/","name":"Cori Decor","description":"","publisher":{"@id":"https:\/\/dev.cori-decor.com\/de\/#organization"},"potentialAction":[{"@type":"SearchAction","target":{"@type":"EntryPoint","urlTemplate":"https:\/\/dev.cori-decor.com\/de\/?s={search_term_string}"},"query-input":{"@type":"PropertyValueSpecification","valueRequired":true,"valueName":"search_term_string"}}],"inLanguage":"de"},{"@type":"Organization","@id":"https:\/\/dev.cori-decor.com\/de\/#organization","name":"Cori S.r.l.","url":"https:\/\/dev.cori-decor.com\/de\/","logo":{"@type":"ImageObject","inLanguage":"de","@id":"https:\/\/dev.cori-decor.com\/de\/#\/schema\/logo\/image\/","url":"https:\/\/dev.cori-decor.com\/wp-content\/uploads\/2023\/12\/Logo-CORIDECOR.png","contentUrl":"https:\/\/dev.cori-decor.com\/wp-content\/uploads\/2023\/12\/Logo-CORIDECOR.png","width":828,"height":320,"caption":"Cori S.r.l."},"image":{"@id":"https:\/\/dev.cori-decor.com\/de\/#\/schema\/logo\/image\/"}}]}},"_links":{"self":[{"href":"https:\/\/dev.cori-decor.com\/de\/wp-json\/wp\/v2\/product\/1513","targetHints":{"allow":["GET"]}}],"collection":[{"href":"https:\/\/dev.cori-decor.com\/de\/wp-json\/wp\/v2\/product"}],"about":[{"href":"https:\/\/dev.cori-decor.com\/de\/wp-json\/wp\/v2\/types\/product"}],"replies":[{"embeddable":true,"href":"https:\/\/dev.cori-decor.com\/de\/wp-json\/wp\/v2\/comments?post=1513"}],"wp:featuredmedia":[{"embeddable":true,"href":"https:\/\/dev.cori-decor.com\/de\/wp-json\/wp\/v2\/media\/629"}],"wp:attachment":[{"href":"https:\/\/dev.cori-decor.com\/de\/wp-json\/wp\/v2\/media?parent=1513"}],"wp:term":[{"taxonomy":"product_brand","embeddable":true,"href":"https:\/\/dev.cori-decor.com\/de\/wp-json\/wp\/v2\/product_brand?post=1513"},{"taxonomy":"product_cat","embeddable":true,"href":"https:\/\/dev.cori-decor.com\/de\/wp-json\/wp\/v2\/product_cat?post=1513"},{"taxonomy":"product_tag","embeddable":true,"href":"https:\/\/dev.cori-decor.com\/de\/wp-json\/wp\/v2\/product_tag?post=1513"}],"curies":[{"name":"wp","href":"https:\/\/api.w.org\/{rel}","templated":true}]}}