{"id":1527,"date":"2023-12-19T09:41:48","date_gmt":"2023-12-19T09:41:48","guid":{"rendered":"https:\/\/dev.cori-decor.com\/prodotto\/coristil\/"},"modified":"2024-05-28T15:21:24","modified_gmt":"2024-05-28T15:21:24","slug":"coristil","status":"publish","type":"product","link":"https:\/\/dev.cori-decor.com\/de\/produkt\/coristil\/","title":{"rendered":"Coristil"},"content":{"rendered":"<p>Echter Marmorino-Glanzputz auf der Basis von gealtertem L\u00f6schkalk, angereichert mit Marmorpulver. Hinterl\u00e4sst eine glatte, seidenmatte Oberfl\u00e4che, die sich angenehm anf\u00fchlt und gem\u00e4\u00df den Bed\u00fcrfnissen des Dekorateurs gestaltet werden kann<\/p>\n","protected":false},"excerpt":{"rendered":"<p>Marmorino-Kalk f\u00fcr Innen- und Au\u00dfenbereiche<\/p>\n","protected":false},"featured_media":584,"comment_status":"open","ping_status":"closed","template":"","meta":{"_acf_changed":false,"_et_pb_use_builder":"","_et_pb_old_content":"","_et_gb_content_width":""},"product_brand":[],"product_cat":[117],"product_tag":[],"class_list":{"0":"post-1527","1":"product","2":"type-product","3":"status-publish","4":"has-post-thumbnail","6":"product_cat-unkategorisiert","8":"first","9":"instock","10":"shipping-taxable","11":"product-type-simple"},"acf":[],"yoast_head":"<!-- This site is optimized with the Yoast SEO plugin v25.4 - https:\/\/yoast.com\/wordpress\/plugins\/seo\/ -->\n<title>Coristil - Kalkmarmor f\u00fcr den Innen- und Au\u00dfenbereich | Cori Decor<\/title>\n<meta name=\"description\" content=\"Entdecken Sie Coristil von Cori Decor, einen raffinierten Marmorino aus abgelagertem L\u00f6schkalk und Marmormehl, ideal f\u00fcr glatte und satinierte Oberfl\u00e4chen.\" \/>\n<meta name=\"robots\" content=\"noindex, follow, max-snippet:-1, max-image-preview:large, max-video-preview:-1\" \/>\n<meta property=\"og:locale\" content=\"de_DE\" \/>\n<meta property=\"og:type\" content=\"article\" \/>\n<meta property=\"og:title\" content=\"Coristil - Kalkmarmor f\u00fcr den Innen- und Au\u00dfenbereich | Cori Decor\" \/>\n<meta property=\"og:description\" content=\"Entdecken Sie Coristil von Cori Decor, einen raffinierten Marmorino aus abgelagertem L\u00f6schkalk und Marmormehl, ideal f\u00fcr glatte und satinierte Oberfl\u00e4chen.\" \/>\n<meta property=\"og:url\" content=\"https:\/\/dev.cori-decor.com\/de\/produkt\/coristil\/\" \/>\n<meta property=\"og:site_name\" content=\"Coridecor\" \/>\n<meta property=\"article:modified_time\" content=\"2024-05-28T15:21:24+00:00\" \/>\n<meta property=\"og:image\" content=\"https:\/\/dev.cori-decor.com\/wp-content\/uploads\/2023\/12\/0301.jpg\" \/>\n\t<meta property=\"og:image:width\" content=\"2000\" \/>\n\t<meta property=\"og:image:height\" content=\"1333\" \/>\n\t<meta property=\"og:image:type\" content=\"image\/jpeg\" \/>\n<meta name=\"twitter:card\" content=\"summary_large_image\" \/>\n<script type=\"application\/ld+json\" class=\"yoast-schema-graph\">{\"@context\":\"https:\/\/schema.org\",\"@graph\":[{\"@type\":\"WebPage\",\"@id\":\"https:\/\/dev.cori-decor.com\/de\/produkt\/coristil\/\",\"url\":\"https:\/\/dev.cori-decor.com\/de\/produkt\/coristil\/\",\"name\":\"Coristil - Kalkmarmor f\u00fcr den Innen- und Au\u00dfenbereich | Cori Decor\",\"isPartOf\":{\"@id\":\"https:\/\/dev.cori-decor.com\/de\/#website\"},\"primaryImageOfPage\":{\"@id\":\"https:\/\/dev.cori-decor.com\/de\/produkt\/coristil\/#primaryimage\"},\"image\":{\"@id\":\"https:\/\/dev.cori-decor.com\/de\/produkt\/coristil\/#primaryimage\"},\"thumbnailUrl\":\"https:\/\/dev.cori-decor.com\/wp-content\/uploads\/2023\/12\/0301.jpg\",\"datePublished\":\"2023-12-19T09:41:48+00:00\",\"dateModified\":\"2024-05-28T15:21:24+00:00\",\"description\":\"Entdecken Sie Coristil von Cori Decor, einen raffinierten Marmorino aus abgelagertem L\u00f6schkalk und Marmormehl, ideal f\u00fcr glatte und satinierte Oberfl\u00e4chen.\",\"breadcrumb\":{\"@id\":\"https:\/\/dev.cori-decor.com\/de\/produkt\/coristil\/#breadcrumb\"},\"inLanguage\":\"de\",\"potentialAction\":[{\"@type\":\"ReadAction\",\"target\":[\"https:\/\/dev.cori-decor.com\/de\/produkt\/coristil\/\"]}]},{\"@type\":\"ImageObject\",\"inLanguage\":\"de\",\"@id\":\"https:\/\/dev.cori-decor.com\/de\/produkt\/coristil\/#primaryimage\",\"url\":\"https:\/\/dev.cori-decor.com\/wp-content\/uploads\/2023\/12\/0301.jpg\",\"contentUrl\":\"https:\/\/dev.cori-decor.com\/wp-content\/uploads\/2023\/12\/0301.jpg\",\"width\":2000,\"height\":1333,\"caption\":\"coristil\"},{\"@type\":\"BreadcrumbList\",\"@id\":\"https:\/\/dev.cori-decor.com\/de\/produkt\/coristil\/#breadcrumb\",\"itemListElement\":[{\"@type\":\"ListItem\",\"position\":1,\"name\":\"Home\",\"item\":\"https:\/\/dev.cori-decor.com\/de\/startseite\/\"},{\"@type\":\"ListItem\",\"position\":2,\"name\":\"Finiture\",\"item\":\"https:\/\/dev.cori-decor.com\/finiture\/\"},{\"@type\":\"ListItem\",\"position\":3,\"name\":\"Coristil\"}]},{\"@type\":\"WebSite\",\"@id\":\"https:\/\/dev.cori-decor.com\/de\/#website\",\"url\":\"https:\/\/dev.cori-decor.com\/de\/\",\"name\":\"Cori Decor\",\"description\":\"\",\"publisher\":{\"@id\":\"https:\/\/dev.cori-decor.com\/de\/#organization\"},\"potentialAction\":[{\"@type\":\"SearchAction\",\"target\":{\"@type\":\"EntryPoint\",\"urlTemplate\":\"https:\/\/dev.cori-decor.com\/de\/?s={search_term_string}\"},\"query-input\":{\"@type\":\"PropertyValueSpecification\",\"valueRequired\":true,\"valueName\":\"search_term_string\"}}],\"inLanguage\":\"de\"},{\"@type\":\"Organization\",\"@id\":\"https:\/\/dev.cori-decor.com\/de\/#organization\",\"name\":\"Cori S.r.l.\",\"url\":\"https:\/\/dev.cori-decor.com\/de\/\",\"logo\":{\"@type\":\"ImageObject\",\"inLanguage\":\"de\",\"@id\":\"https:\/\/dev.cori-decor.com\/de\/#\/schema\/logo\/image\/\",\"url\":\"https:\/\/dev.cori-decor.com\/wp-content\/uploads\/2023\/12\/Logo-CORIDECOR.png\",\"contentUrl\":\"https:\/\/dev.cori-decor.com\/wp-content\/uploads\/2023\/12\/Logo-CORIDECOR.png\",\"width\":828,\"height\":320,\"caption\":\"Cori S.r.l.\"},\"image\":{\"@id\":\"https:\/\/dev.cori-decor.com\/de\/#\/schema\/logo\/image\/\"}}]}<\/script>\n<!-- \/ Yoast SEO plugin. -->","yoast_head_json":{"title":"Coristil - Kalkmarmor f\u00fcr den Innen- und Au\u00dfenbereich | Cori Decor","description":"Entdecken Sie Coristil von Cori Decor, einen raffinierten Marmorino aus abgelagertem L\u00f6schkalk und Marmormehl, ideal f\u00fcr glatte und satinierte Oberfl\u00e4chen.","robots":{"index":"noindex","follow":"follow","max-snippet":"max-snippet:-1","max-image-preview":"max-image-preview:large","max-video-preview":"max-video-preview:-1"},"og_locale":"de_DE","og_type":"article","og_title":"Coristil - Kalkmarmor f\u00fcr den Innen- und Au\u00dfenbereich | Cori Decor","og_description":"Entdecken Sie Coristil von Cori Decor, einen raffinierten Marmorino aus abgelagertem L\u00f6schkalk und Marmormehl, ideal f\u00fcr glatte und satinierte Oberfl\u00e4chen.","og_url":"https:\/\/dev.cori-decor.com\/de\/produkt\/coristil\/","og_site_name":"Coridecor","article_modified_time":"2024-05-28T15:21:24+00:00","og_image":[{"width":2000,"height":1333,"url":"https:\/\/dev.cori-decor.com\/wp-content\/uploads\/2023\/12\/0301.jpg","type":"image\/jpeg"}],"twitter_card":"summary_large_image","schema":{"@context":"https:\/\/schema.org","@graph":[{"@type":"WebPage","@id":"https:\/\/dev.cori-decor.com\/de\/produkt\/coristil\/","url":"https:\/\/dev.cori-decor.com\/de\/produkt\/coristil\/","name":"Coristil - Kalkmarmor f\u00fcr den Innen- und Au\u00dfenbereich | Cori Decor","isPartOf":{"@id":"https:\/\/dev.cori-decor.com\/de\/#website"},"primaryImageOfPage":{"@id":"https:\/\/dev.cori-decor.com\/de\/produkt\/coristil\/#primaryimage"},"image":{"@id":"https:\/\/dev.cori-decor.com\/de\/produkt\/coristil\/#primaryimage"},"thumbnailUrl":"https:\/\/dev.cori-decor.com\/wp-content\/uploads\/2023\/12\/0301.jpg","datePublished":"2023-12-19T09:41:48+00:00","dateModified":"2024-05-28T15:21:24+00:00","description":"Entdecken Sie Coristil von Cori Decor, einen raffinierten Marmorino aus abgelagertem L\u00f6schkalk und Marmormehl, ideal f\u00fcr glatte und satinierte Oberfl\u00e4chen.","breadcrumb":{"@id":"https:\/\/dev.cori-decor.com\/de\/produkt\/coristil\/#breadcrumb"},"inLanguage":"de","potentialAction":[{"@type":"ReadAction","target":["https:\/\/dev.cori-decor.com\/de\/produkt\/coristil\/"]}]},{"@type":"ImageObject","inLanguage":"de","@id":"https:\/\/dev.cori-decor.com\/de\/produkt\/coristil\/#primaryimage","url":"https:\/\/dev.cori-decor.com\/wp-content\/uploads\/2023\/12\/0301.jpg","contentUrl":"https:\/\/dev.cori-decor.com\/wp-content\/uploads\/2023\/12\/0301.jpg","width":2000,"height":1333,"caption":"coristil"},{"@type":"BreadcrumbList","@id":"https:\/\/dev.cori-decor.com\/de\/produkt\/coristil\/#breadcrumb","itemListElement":[{"@type":"ListItem","position":1,"name":"Home","item":"https:\/\/dev.cori-decor.com\/de\/startseite\/"},{"@type":"ListItem","position":2,"name":"Finiture","item":"https:\/\/dev.cori-decor.com\/finiture\/"},{"@type":"ListItem","position":3,"name":"Coristil"}]},{"@type":"WebSite","@id":"https:\/\/dev.cori-decor.com\/de\/#website","url":"https:\/\/dev.cori-decor.com\/de\/","name":"Cori Decor","description":"","publisher":{"@id":"https:\/\/dev.cori-decor.com\/de\/#organization"},"potentialAction":[{"@type":"SearchAction","target":{"@type":"EntryPoint","urlTemplate":"https:\/\/dev.cori-decor.com\/de\/?s={search_term_string}"},"query-input":{"@type":"PropertyValueSpecification","valueRequired":true,"valueName":"search_term_string"}}],"inLanguage":"de"},{"@type":"Organization","@id":"https:\/\/dev.cori-decor.com\/de\/#organization","name":"Cori S.r.l.","url":"https:\/\/dev.cori-decor.com\/de\/","logo":{"@type":"ImageObject","inLanguage":"de","@id":"https:\/\/dev.cori-decor.com\/de\/#\/schema\/logo\/image\/","url":"https:\/\/dev.cori-decor.com\/wp-content\/uploads\/2023\/12\/Logo-CORIDECOR.png","contentUrl":"https:\/\/dev.cori-decor.com\/wp-content\/uploads\/2023\/12\/Logo-CORIDECOR.png","width":828,"height":320,"caption":"Cori S.r.l."},"image":{"@id":"https:\/\/dev.cori-decor.com\/de\/#\/schema\/logo\/image\/"}}]}},"_links":{"self":[{"href":"https:\/\/dev.cori-decor.com\/de\/wp-json\/wp\/v2\/product\/1527","targetHints":{"allow":["GET"]}}],"collection":[{"href":"https:\/\/dev.cori-decor.com\/de\/wp-json\/wp\/v2\/product"}],"about":[{"href":"https:\/\/dev.cori-decor.com\/de\/wp-json\/wp\/v2\/types\/product"}],"replies":[{"embeddable":true,"href":"https:\/\/dev.cori-decor.com\/de\/wp-json\/wp\/v2\/comments?post=1527"}],"wp:featuredmedia":[{"embeddable":true,"href":"https:\/\/dev.cori-decor.com\/de\/wp-json\/wp\/v2\/media\/584"}],"wp:attachment":[{"href":"https:\/\/dev.cori-decor.com\/de\/wp-json\/wp\/v2\/media?parent=1527"}],"wp:term":[{"taxonomy":"product_brand","embeddable":true,"href":"https:\/\/dev.cori-decor.com\/de\/wp-json\/wp\/v2\/product_brand?post=1527"},{"taxonomy":"product_cat","embeddable":true,"href":"https:\/\/dev.cori-decor.com\/de\/wp-json\/wp\/v2\/product_cat?post=1527"},{"taxonomy":"product_tag","embeddable":true,"href":"https:\/\/dev.cori-decor.com\/de\/wp-json\/wp\/v2\/product_tag?post=1527"}],"curies":[{"name":"wp","href":"https:\/\/api.w.org\/{rel}","templated":true}]}}