{"id":1537,"date":"2023-12-19T09:38:22","date_gmt":"2023-12-19T09:38:22","guid":{"rendered":"https:\/\/dev.cori-decor.com\/prodotto\/corical\/"},"modified":"2024-05-28T15:27:14","modified_gmt":"2024-05-28T15:27:14","slug":"corical","status":"publish","type":"product","link":"https:\/\/dev.cori-decor.com\/de\/produkt\/corical\/","title":{"rendered":"Corical"},"content":{"rendered":"<p>Hergestellt nach antiken, traditionellen Herstellungsweisen und auf der Basis von fein gesiebtem Kalk zur F\u00f6rderung der nat\u00fcrlichen alkalischen und atmungsaktiven Eigenschaften des Produkts. Verleiht dem Raum Eleganz mit hochwertigen und deckenden Nuancen<\/p>\n","protected":false},"excerpt":{"rendered":"<p>Kalkfarben f\u00fcr Innen- und Au\u00dfenbereiche<\/p>\n","protected":false},"featured_media":549,"comment_status":"open","ping_status":"closed","template":"","meta":{"_acf_changed":false,"_et_pb_use_builder":"","_et_pb_old_content":"","_et_gb_content_width":""},"product_brand":[],"product_cat":[117],"product_tag":[],"class_list":{"0":"post-1537","1":"product","2":"type-product","3":"status-publish","4":"has-post-thumbnail","6":"product_cat-unkategorisiert","8":"first","9":"instock","10":"shipping-taxable","11":"product-type-simple"},"acf":[],"yoast_head":"<!-- This site is optimized with the Yoast SEO plugin v25.4 - https:\/\/yoast.com\/wordpress\/plugins\/seo\/ -->\n<title>Corical - Kalkfarbe f\u00fcr innen und au\u00dfen | Cori Decor<\/title>\n<meta name=\"description\" content=\"Entdecken Sie Corical von Cori Decor, die Kalkfarbe f\u00fcr den Innen- und Au\u00dfenbereich, die nach alter Tradition fein verarbeitet wird.\" \/>\n<meta name=\"robots\" content=\"noindex, follow, max-snippet:-1, max-image-preview:large, max-video-preview:-1\" \/>\n<meta property=\"og:locale\" content=\"de_DE\" \/>\n<meta property=\"og:type\" content=\"article\" \/>\n<meta property=\"og:title\" content=\"Corical - Kalkfarbe f\u00fcr innen und au\u00dfen | Cori Decor\" \/>\n<meta property=\"og:description\" content=\"Entdecken Sie Corical von Cori Decor, die Kalkfarbe f\u00fcr den Innen- und Au\u00dfenbereich, die nach alter Tradition fein verarbeitet wird.\" \/>\n<meta property=\"og:url\" content=\"https:\/\/dev.cori-decor.com\/de\/produkt\/corical\/\" \/>\n<meta property=\"og:site_name\" content=\"Coridecor\" \/>\n<meta property=\"article:modified_time\" content=\"2024-05-28T15:27:14+00:00\" \/>\n<meta property=\"og:image\" content=\"https:\/\/dev.cori-decor.com\/wp-content\/uploads\/2023\/12\/0100.jpg\" \/>\n\t<meta property=\"og:image:width\" content=\"2000\" \/>\n\t<meta property=\"og:image:height\" content=\"1333\" \/>\n\t<meta property=\"og:image:type\" content=\"image\/jpeg\" \/>\n<meta name=\"twitter:card\" content=\"summary_large_image\" \/>\n<script type=\"application\/ld+json\" class=\"yoast-schema-graph\">{\"@context\":\"https:\/\/schema.org\",\"@graph\":[{\"@type\":\"WebPage\",\"@id\":\"https:\/\/dev.cori-decor.com\/de\/produkt\/corical\/\",\"url\":\"https:\/\/dev.cori-decor.com\/de\/produkt\/corical\/\",\"name\":\"Corical - Kalkfarbe f\u00fcr innen und au\u00dfen | Cori Decor\",\"isPartOf\":{\"@id\":\"https:\/\/dev.cori-decor.com\/de\/#website\"},\"primaryImageOfPage\":{\"@id\":\"https:\/\/dev.cori-decor.com\/de\/produkt\/corical\/#primaryimage\"},\"image\":{\"@id\":\"https:\/\/dev.cori-decor.com\/de\/produkt\/corical\/#primaryimage\"},\"thumbnailUrl\":\"https:\/\/dev.cori-decor.com\/wp-content\/uploads\/2023\/12\/0100.jpg\",\"datePublished\":\"2023-12-19T09:38:22+00:00\",\"dateModified\":\"2024-05-28T15:27:14+00:00\",\"description\":\"Entdecken Sie Corical von Cori Decor, die Kalkfarbe f\u00fcr den Innen- und Au\u00dfenbereich, die nach alter Tradition fein verarbeitet wird.\",\"breadcrumb\":{\"@id\":\"https:\/\/dev.cori-decor.com\/de\/produkt\/corical\/#breadcrumb\"},\"inLanguage\":\"de\",\"potentialAction\":[{\"@type\":\"ReadAction\",\"target\":[\"https:\/\/dev.cori-decor.com\/de\/produkt\/corical\/\"]}]},{\"@type\":\"ImageObject\",\"inLanguage\":\"de\",\"@id\":\"https:\/\/dev.cori-decor.com\/de\/produkt\/corical\/#primaryimage\",\"url\":\"https:\/\/dev.cori-decor.com\/wp-content\/uploads\/2023\/12\/0100.jpg\",\"contentUrl\":\"https:\/\/dev.cori-decor.com\/wp-content\/uploads\/2023\/12\/0100.jpg\",\"width\":2000,\"height\":1333,\"caption\":\"corical\"},{\"@type\":\"BreadcrumbList\",\"@id\":\"https:\/\/dev.cori-decor.com\/de\/produkt\/corical\/#breadcrumb\",\"itemListElement\":[{\"@type\":\"ListItem\",\"position\":1,\"name\":\"Home\",\"item\":\"https:\/\/dev.cori-decor.com\/de\/startseite\/\"},{\"@type\":\"ListItem\",\"position\":2,\"name\":\"Finiture\",\"item\":\"https:\/\/dev.cori-decor.com\/finiture\/\"},{\"@type\":\"ListItem\",\"position\":3,\"name\":\"Corical\"}]},{\"@type\":\"WebSite\",\"@id\":\"https:\/\/dev.cori-decor.com\/de\/#website\",\"url\":\"https:\/\/dev.cori-decor.com\/de\/\",\"name\":\"Cori Decor\",\"description\":\"\",\"publisher\":{\"@id\":\"https:\/\/dev.cori-decor.com\/de\/#organization\"},\"potentialAction\":[{\"@type\":\"SearchAction\",\"target\":{\"@type\":\"EntryPoint\",\"urlTemplate\":\"https:\/\/dev.cori-decor.com\/de\/?s={search_term_string}\"},\"query-input\":{\"@type\":\"PropertyValueSpecification\",\"valueRequired\":true,\"valueName\":\"search_term_string\"}}],\"inLanguage\":\"de\"},{\"@type\":\"Organization\",\"@id\":\"https:\/\/dev.cori-decor.com\/de\/#organization\",\"name\":\"Cori S.r.l.\",\"url\":\"https:\/\/dev.cori-decor.com\/de\/\",\"logo\":{\"@type\":\"ImageObject\",\"inLanguage\":\"de\",\"@id\":\"https:\/\/dev.cori-decor.com\/de\/#\/schema\/logo\/image\/\",\"url\":\"https:\/\/dev.cori-decor.com\/wp-content\/uploads\/2023\/12\/Logo-CORIDECOR.png\",\"contentUrl\":\"https:\/\/dev.cori-decor.com\/wp-content\/uploads\/2023\/12\/Logo-CORIDECOR.png\",\"width\":828,\"height\":320,\"caption\":\"Cori S.r.l.\"},\"image\":{\"@id\":\"https:\/\/dev.cori-decor.com\/de\/#\/schema\/logo\/image\/\"}}]}<\/script>\n<!-- \/ Yoast SEO plugin. -->","yoast_head_json":{"title":"Corical - Kalkfarbe f\u00fcr innen und au\u00dfen | Cori Decor","description":"Entdecken Sie Corical von Cori Decor, die Kalkfarbe f\u00fcr den Innen- und Au\u00dfenbereich, die nach alter Tradition fein verarbeitet wird.","robots":{"index":"noindex","follow":"follow","max-snippet":"max-snippet:-1","max-image-preview":"max-image-preview:large","max-video-preview":"max-video-preview:-1"},"og_locale":"de_DE","og_type":"article","og_title":"Corical - Kalkfarbe f\u00fcr innen und au\u00dfen | Cori Decor","og_description":"Entdecken Sie Corical von Cori Decor, die Kalkfarbe f\u00fcr den Innen- und Au\u00dfenbereich, die nach alter Tradition fein verarbeitet wird.","og_url":"https:\/\/dev.cori-decor.com\/de\/produkt\/corical\/","og_site_name":"Coridecor","article_modified_time":"2024-05-28T15:27:14+00:00","og_image":[{"width":2000,"height":1333,"url":"https:\/\/dev.cori-decor.com\/wp-content\/uploads\/2023\/12\/0100.jpg","type":"image\/jpeg"}],"twitter_card":"summary_large_image","schema":{"@context":"https:\/\/schema.org","@graph":[{"@type":"WebPage","@id":"https:\/\/dev.cori-decor.com\/de\/produkt\/corical\/","url":"https:\/\/dev.cori-decor.com\/de\/produkt\/corical\/","name":"Corical - Kalkfarbe f\u00fcr innen und au\u00dfen | Cori Decor","isPartOf":{"@id":"https:\/\/dev.cori-decor.com\/de\/#website"},"primaryImageOfPage":{"@id":"https:\/\/dev.cori-decor.com\/de\/produkt\/corical\/#primaryimage"},"image":{"@id":"https:\/\/dev.cori-decor.com\/de\/produkt\/corical\/#primaryimage"},"thumbnailUrl":"https:\/\/dev.cori-decor.com\/wp-content\/uploads\/2023\/12\/0100.jpg","datePublished":"2023-12-19T09:38:22+00:00","dateModified":"2024-05-28T15:27:14+00:00","description":"Entdecken Sie Corical von Cori Decor, die Kalkfarbe f\u00fcr den Innen- und Au\u00dfenbereich, die nach alter Tradition fein verarbeitet wird.","breadcrumb":{"@id":"https:\/\/dev.cori-decor.com\/de\/produkt\/corical\/#breadcrumb"},"inLanguage":"de","potentialAction":[{"@type":"ReadAction","target":["https:\/\/dev.cori-decor.com\/de\/produkt\/corical\/"]}]},{"@type":"ImageObject","inLanguage":"de","@id":"https:\/\/dev.cori-decor.com\/de\/produkt\/corical\/#primaryimage","url":"https:\/\/dev.cori-decor.com\/wp-content\/uploads\/2023\/12\/0100.jpg","contentUrl":"https:\/\/dev.cori-decor.com\/wp-content\/uploads\/2023\/12\/0100.jpg","width":2000,"height":1333,"caption":"corical"},{"@type":"BreadcrumbList","@id":"https:\/\/dev.cori-decor.com\/de\/produkt\/corical\/#breadcrumb","itemListElement":[{"@type":"ListItem","position":1,"name":"Home","item":"https:\/\/dev.cori-decor.com\/de\/startseite\/"},{"@type":"ListItem","position":2,"name":"Finiture","item":"https:\/\/dev.cori-decor.com\/finiture\/"},{"@type":"ListItem","position":3,"name":"Corical"}]},{"@type":"WebSite","@id":"https:\/\/dev.cori-decor.com\/de\/#website","url":"https:\/\/dev.cori-decor.com\/de\/","name":"Cori Decor","description":"","publisher":{"@id":"https:\/\/dev.cori-decor.com\/de\/#organization"},"potentialAction":[{"@type":"SearchAction","target":{"@type":"EntryPoint","urlTemplate":"https:\/\/dev.cori-decor.com\/de\/?s={search_term_string}"},"query-input":{"@type":"PropertyValueSpecification","valueRequired":true,"valueName":"search_term_string"}}],"inLanguage":"de"},{"@type":"Organization","@id":"https:\/\/dev.cori-decor.com\/de\/#organization","name":"Cori S.r.l.","url":"https:\/\/dev.cori-decor.com\/de\/","logo":{"@type":"ImageObject","inLanguage":"de","@id":"https:\/\/dev.cori-decor.com\/de\/#\/schema\/logo\/image\/","url":"https:\/\/dev.cori-decor.com\/wp-content\/uploads\/2023\/12\/Logo-CORIDECOR.png","contentUrl":"https:\/\/dev.cori-decor.com\/wp-content\/uploads\/2023\/12\/Logo-CORIDECOR.png","width":828,"height":320,"caption":"Cori S.r.l."},"image":{"@id":"https:\/\/dev.cori-decor.com\/de\/#\/schema\/logo\/image\/"}}]}},"_links":{"self":[{"href":"https:\/\/dev.cori-decor.com\/de\/wp-json\/wp\/v2\/product\/1537","targetHints":{"allow":["GET"]}}],"collection":[{"href":"https:\/\/dev.cori-decor.com\/de\/wp-json\/wp\/v2\/product"}],"about":[{"href":"https:\/\/dev.cori-decor.com\/de\/wp-json\/wp\/v2\/types\/product"}],"replies":[{"embeddable":true,"href":"https:\/\/dev.cori-decor.com\/de\/wp-json\/wp\/v2\/comments?post=1537"}],"wp:featuredmedia":[{"embeddable":true,"href":"https:\/\/dev.cori-decor.com\/de\/wp-json\/wp\/v2\/media\/549"}],"wp:attachment":[{"href":"https:\/\/dev.cori-decor.com\/de\/wp-json\/wp\/v2\/media?parent=1537"}],"wp:term":[{"taxonomy":"product_brand","embeddable":true,"href":"https:\/\/dev.cori-decor.com\/de\/wp-json\/wp\/v2\/product_brand?post=1537"},{"taxonomy":"product_cat","embeddable":true,"href":"https:\/\/dev.cori-decor.com\/de\/wp-json\/wp\/v2\/product_cat?post=1537"},{"taxonomy":"product_tag","embeddable":true,"href":"https:\/\/dev.cori-decor.com\/de\/wp-json\/wp\/v2\/product_tag?post=1537"}],"curies":[{"name":"wp","href":"https:\/\/api.w.org\/{rel}","templated":true}]}}