{"id":1315,"date":"2023-12-19T08:33:34","date_gmt":"2023-12-19T08:33:34","guid":{"rendered":"https:\/\/dev.cori-decor.com\/storia\/"},"modified":"2024-05-28T14:56:07","modified_gmt":"2024-05-28T14:56:07","slug":"historia","status":"publish","type":"page","link":"https:\/\/dev.cori-decor.com\/es\/historia\/","title":{"rendered":"Historia"},"content":{"rendered":"<p>[et_pb_section fb_built=\u00bb1&#8243; _builder_version=\u00bb4.24.0&#8243; _module_preset=\u00bbdefault\u00bb background_image=\u00bbhttps:\/\/dev.cori-decor.com\/wp-content\/uploads\/2023\/12\/Pattern.png\u00bb custom_padding=\u00bb1%||||false|false\u00bb global_colors_info=\u00bb{}\u00bb][et_pb_row disabled_on=\u00bbon|on|off\u00bb _builder_version=\u00bb4.24.0&#8243; _module_preset=\u00bbdefault\u00bb width=\u00bb100%\u00bb max_width=\u00bb98%\u00bb custom_padding=\u00bb0px||0px||true|false\u00bb locked=\u00bboff\u00bb global_colors_info=\u00bb{}\u00bb][et_pb_column type=\u00bb4_4&#8243; _builder_version=\u00bb4.24.0&#8243; _module_preset=\u00bbdefault\u00bb global_colors_info=\u00bb{}\u00bb][dipl_breadcrumb nav_bg_color=\u00bb#F6F6F6&#8243; enable_different_bg=\u00bbon\u00bb breadcrumb_item_custom_padding=\u00bb7%||7%||true|false\u00bb use_home_link_custom_text=\u00bboff\u00bb _builder_version=\u00bb4.24.0&#8243; _module_preset=\u00bbdefault\u00bb global_text_settings_font_size=\u00bb12px\u00bb text_text_color=\u00bb#F6F6F6&#8243; link_text_color=\u00bb#A4773C\u00bb global_colors_info=\u00bb{}\u00bb][\/dipl_breadcrumb][\/et_pb_column][\/et_pb_row][et_pb_row _builder_version=\u00bb4.23.1&#8243; _module_preset=\u00bbdefault\u00bb custom_margin=\u00bb||3%||false|false\u00bb global_colors_info=\u00bb{}\u00bb][et_pb_column type=\u00bb4_4&#8243; _builder_version=\u00bb4.23.1&#8243; _module_preset=\u00bbdefault\u00bb global_colors_info=\u00bb{}\u00bb][et_pb_text _builder_version=\u00bb4.23.1&#8243; _module_preset=\u00bbdefault\u00bb header_font=\u00bb||||||||\u00bb header_text_align=\u00bbcenter\u00bb header_font_size=\u00bb7em\u00bb header_font_size_tablet=\u00bb7em\u00bb header_font_size_phone=\u00bb4em\u00bb header_font_size_last_edited=\u00bbon|phone\u00bb global_colors_info=\u00bb{}\u00bb]<\/p>\n<h1>Historia<\/h1>\n<p>[\/et_pb_text][\/et_pb_column][\/et_pb_row][et_pb_row _builder_version=\u00bb4.23.1&#8243; _module_preset=\u00bbdefault\u00bb background_image=\u00bbhttps:\/\/dev.cori-decor.com\/wp-content\/uploads\/2023\/12\/0900-compress.jpg\u00bb parallax=\u00bbon\u00bb global_colors_info=\u00bb{}\u00bb][et_pb_column type=\u00bb4_4&#8243; _builder_version=\u00bb4.23.1&#8243; _module_preset=\u00bbdefault\u00bb global_colors_info=\u00bb{}\u00bb][et_pb_divider show_divider=\u00bboff\u00bb _builder_version=\u00bb4.23.1&#8243; _module_preset=\u00bbdefault\u00bb height=\u00bb55vh\u00bb height_tablet=\u00bb45vh\u00bb height_phone=\u00bb15vh\u00bb height_last_edited=\u00bbon|tablet\u00bb global_colors_info=\u00bb{}\u00bb][\/et_pb_divider][\/et_pb_column][\/et_pb_row][et_pb_row column_structure=\u00bb2_5,3_5&#8243; make_equal=\u00bbon\u00bb _builder_version=\u00bb4.23.1&#8243; _module_preset=\u00bbdefault\u00bb custom_css_main_element=\u00bbalign-items:center;\u00bb global_colors_info=\u00bb{}\u00bb][et_pb_column type=\u00bb2_5&#8243; _builder_version=\u00bb4.23.1&#8243; _module_preset=\u00bbdefault\u00bb global_colors_info=\u00bb{}\u00bb][et_pb_text _builder_version=\u00bb4.23.1&#8243; _module_preset=\u00bbdefault\u00bb text_font_size=\u00bb16px\u00bb global_colors_info=\u00bb{}\u00bb]<\/p>\n<p>La fascinante historia de <strong>CORIDECOR<\/strong> tiene sus ra\u00edces en los a\u00f1os 60, en un humilde garaje al pie de los Dolomitas. Aqu\u00ed, la familia Panato decidi\u00f3 iniciar la empresa en la producci\u00f3n de esmaltes y revestimientos, centr\u00e1ndose inicialmente en servir al mercado local. Sin embargo, su visi\u00f3n de futuro se extiende mucho m\u00e1s all\u00e1 de los l\u00edmites de la comunidad, y en pocos a\u00f1os, una intuici\u00f3n revolucionaria se ha abierto camino: la falta crucial de \u00abproductos de cal\u00bb en el mercado. La familia Panato abraza esta intuici\u00f3n, creando una oferta renovada y abriendo las puertas a nuevos mercados tanto a nivel nacional como internacional, bajo el emblema de <strong>CORIDECOR<\/strong>.<\/p>\n<p>[\/et_pb_text][\/et_pb_column][et_pb_column type=\u00bb3_5&#8243; _builder_version=\u00bb4.23.1&#8243; _module_preset=\u00bbdefault\u00bb global_colors_info=\u00bb{}\u00bb][et_pb_image src=\u00bbhttps:\/\/dev.cori-decor.com\/wp-content\/uploads\/2023\/12\/0902.jpg\u00bb title_text=\u00bb0902&#8243; _builder_version=\u00bb4.23.1&#8243; _module_preset=\u00bbdefault\u00bb filter_saturate=\u00bb0%\u00bb filter_contrast=\u00bb120%\u00bb global_colors_info=\u00bb{}\u00bb][\/et_pb_image][\/et_pb_column][\/et_pb_row][et_pb_row column_structure=\u00bb2_5,3_5&#8243; make_equal=\u00bbon\u00bb _builder_version=\u00bb4.23.1&#8243; _module_preset=\u00bbdefault\u00bb custom_css_main_element=\u00bbalign-items:center;\u00bb global_colors_info=\u00bb{}\u00bb][et_pb_column type=\u00bb2_5&#8243; _builder_version=\u00bb4.23.1&#8243; _module_preset=\u00bbdefault\u00bb global_colors_info=\u00bb{}\u00bb][et_pb_text _builder_version=\u00bb4.23.1&#8243; _module_preset=\u00bbdefault\u00bb text_font=\u00bbEdgaramond Italic &#8211; Variable||||||||\u00bb header_2_font_size=\u00bb4em\u00bb custom_margin=\u00bb||0px||false|false\u00bb header_2_font_size_tablet=\u00bb4em\u00bb header_2_font_size_phone=\u00bb3em\u00bb header_2_font_size_last_edited=\u00bbon|phone\u00bb global_colors_info=\u00bb{}\u00bb]<\/p>\n<h2>Investigaci\u00f3n y Desarrollo<\/h2>\n<p>[\/et_pb_text][et_pb_text _builder_version=\u00bb4.23.1&#8243; _module_preset=\u00bbdefault\u00bb text_font=\u00bbEdgaramond Italic &#8211; Variable||||||||\u00bb text_font_size=\u00bb23px\u00bb global_colors_info=\u00bb{}\u00bb]<\/p>\n<p>El coraz\u00f3n palpitante de la empresa<\/p>\n<p>[\/et_pb_text][\/et_pb_column][et_pb_column type=\u00bb3_5&#8243; _builder_version=\u00bb4.23.1&#8243; _module_preset=\u00bbdefault\u00bb global_colors_info=\u00bb{}\u00bb][et_pb_text _builder_version=\u00bb4.23.1&#8243; _module_preset=\u00bbdefault\u00bb global_colors_info=\u00bb{}\u00bb]<\/p>\n<p>Los esfuerzos incesantes a lo largo de los a\u00f1os no son en vano, ya que la empresa est\u00e1 experimentando un crecimiento significativo. La empresa duplica su tama\u00f1o, acompa\u00f1ada de la instalaci\u00f3n de sistemas de \u00faltima generaci\u00f3n que marca un paso crucial hacia la eficiencia y la innovaci\u00f3n. Un departamento <strong>Investigaci\u00f3n y Desarrollo<\/strong> dedicado se convierte en el coraz\u00f3n palpitante de la empresa, alimentando su constante evoluci\u00f3n.<\/p>\n<p>[\/et_pb_text][\/et_pb_column][\/et_pb_row][et_pb_row _builder_version=\u00bb4.23.1&#8243; _module_preset=\u00bbdefault\u00bb custom_margin=\u00bb3%||||false|false\u00bb global_colors_info=\u00bb{}\u00bb][et_pb_column type=\u00bb4_4&#8243; _builder_version=\u00bb4.23.1&#8243; _module_preset=\u00bbdefault\u00bb global_colors_info=\u00bb{}\u00bb][et_pb_text _builder_version=\u00bb4.23.1&#8243; _module_preset=\u00bbdefault\u00bb text_orientation=\u00bbcenter\u00bb custom_margin=\u00bb||5%||false|false\u00bb text_orientation_tablet=\u00bbleft\u00bb text_orientation_phone=\u00bbleft\u00bb text_orientation_last_edited=\u00bbon|tablet\u00bb global_colors_info=\u00bb{}\u00bb]<\/p>\n<p>El camino tomado varios a\u00f1os antes, centrado en la sostenibilidad y la innovaci\u00f3n, est\u00e1 empezando a dar sus frutos. <strong>CORIDECOR<\/strong> surgi\u00f3 como pionera en el campo, certificando productos libres de compuestos org\u00e1nicos vol\u00e1tiles (COV). Este compromiso no solo garantiza la producci\u00f3n de un producto de alta calidad, sino que tambi\u00e9n demuestra el profundo respeto de la empresa por el medio ambiente.<\/p>\n<p>[\/et_pb_text][\/et_pb_column][\/et_pb_row][et_pb_row _builder_version=\u00bb4.23.1&#8243; _module_preset=\u00bbdefault\u00bb global_colors_info=\u00bb{}\u00bb][et_pb_column type=\u00bb4_4&#8243; _builder_version=\u00bb4.23.1&#8243; _module_preset=\u00bbdefault\u00bb global_colors_info=\u00bb{}\u00bb][et_pb_text _builder_version=\u00bb4.23.1&#8243; _module_preset=\u00bbdefault\u00bb text_font=\u00bbEdgaramond Italic &#8211; Variable||||||||\u00bb text_font_size=\u00bb25px\u00bb text_orientation=\u00bbcenter\u00bb global_colors_info=\u00bb{}\u00bb]<\/p>\n<p>Con el advenimiento de la Industria 4.0<\/p>\n<p>[\/et_pb_text][\/et_pb_column][\/et_pb_row][et_pb_row _builder_version=\u00bb4.23.1&#8243; _module_preset=\u00bbdefault\u00bb width=\u00bb100%\u00bb max_width=\u00bb100%\u00bb max_width_tablet=\u00bb80%\u00bb max_width_phone=\u00bb80%\u00bb max_width_last_edited=\u00bbon|tablet\u00bb global_colors_info=\u00bb{}\u00bb][et_pb_column type=\u00bb4_4&#8243; _builder_version=\u00bb4.23.1&#8243; _module_preset=\u00bbdefault\u00bb global_colors_info=\u00bb{}\u00bb][et_pb_text _builder_version=\u00bb4.23.1&#8243; _module_preset=\u00bbdefault\u00bb header_3_font_size=\u00bb3.5em\u00bb scroll_horizontal_motion_enable=\u00bbon\u00bb scroll_horizontal_motion=\u00bb0|50|50|100|3|0|-3&#8243; header_3_font_size_tablet=\u00bb3.5em\u00bb header_3_font_size_phone=\u00bb2.5em\u00bb header_3_font_size_last_edited=\u00bbon|phone\u00bb scroll_horizontal_motion_tablet=\u00bb0|50|50|100|0|0|0&#8243; scroll_horizontal_motion_phone=\u00bb0|50|50|100|0|0|0&#8243; scroll_horizontal_motion_last_edited=\u00bbon|tablet\u00bb global_colors_info=\u00bb{}\u00bb]<\/p>\n<h3>CORIDECOR est\u00e1 dando otro paso crucial hacia el futuro<\/h3>\n<p>[\/et_pb_text][\/et_pb_column][\/et_pb_row][et_pb_row column_structure=\u00bb1_2,1_2&#8243; make_equal=\u00bbon\u00bb _builder_version=\u00bb4.23.1&#8243; _module_preset=\u00bbdefault\u00bb custom_css_main_element=\u00bbalign-items:center;\u00bb global_colors_info=\u00bb{}\u00bb][et_pb_column type=\u00bb1_2&#8243; _builder_version=\u00bb4.23.1&#8243; _module_preset=\u00bbdefault\u00bb global_colors_info=\u00bb{}\u00bb][et_pb_image src=\u00bbhttps:\/\/dev.cori-decor.com\/wp-content\/uploads\/2023\/12\/0901.jpg\u00bb title_text=\u00bb0901&#8243; _builder_version=\u00bb4.23.1&#8243; _module_preset=\u00bbdefault\u00bb global_colors_info=\u00bb{}\u00bb][\/et_pb_image][\/et_pb_column][et_pb_column type=\u00bb1_2&#8243; _builder_version=\u00bb4.23.1&#8243; _module_preset=\u00bbdefault\u00bb global_colors_info=\u00bb{}\u00bb][et_pb_text _builder_version=\u00bb4.23.1&#8243; _module_preset=\u00bbdefault\u00bb global_colors_info=\u00bb{}\u00bb]<\/p>\n<p>Hoy en d\u00eda, la empresa puede presumir de sistemas de \u00faltima generaci\u00f3n y un equipo altamente especializado, posicion\u00e1ndose a la vanguardia del panorama industrial.<\/p>\n<p>La historia de <strong>CORIDECOR<\/strong> es un testimonio de determinaci\u00f3n, innovaci\u00f3n y responsabilidad, con la mirada siempre puesta en un futuro lleno de oportunidades y crecimiento.<\/p>\n<p>[\/et_pb_text][\/et_pb_column][\/et_pb_row][\/et_pb_section]<\/p>\n","protected":false},"excerpt":{"rendered":"<p><div class=\"et_pb_module dipl_breadcrumb dipl_breadcrumb_0\">\n\t\t\t\t\n\t\t\t\t\n\t\t\t\t\n\t\t\t\t\n\t\t\t\t\n\t\t\t\t\n\t\t\t\t<div class=\"et_pb_module_inner\">\n\t\t\t\t\t<div class=\"dipl-breadcrumb-wrapper layout1\">\n\t\t\t\t\t\t\t\t<ol class=\"dipl-breadcrumb-inner\" vocab=\"https:\/\/schema.org\/\" typeof=\"BreadcrumbList\">\n\t\t\t\t\t\t\t\t\t<li property=\"itemListElement\" typeof=\"ListItem\" >\n\t\t\t\t\t\t\t\t\t\t\t\t\t\t    <a class=\"breadcrumb-item dipl-home-page\" href=\"https:\/\/dev.cori-decor.com\/es\/\" property=\"item\" typeof=\"WebPage\" >\n\t\t\t\t\t\t\t\t\t\t\t\t\t\t      \t<span class=\"breadcrumb-page\" property=\"name\">Home<\/span>\n\t\t\t\t\t\t\t\t\t\t\t\t\t\t    <\/a>\n\t\t\t\t\t\t\t\t\t\t\t\t\t\t    <meta property=\"position\" content=\"1\" \/>\n\t\t\t\t\t\t\t\t\t\t\t\t\t\t<\/li>\n\t\t\t\t\t\t\t\t<\/ol>\n\t\t\t\t\t\t\t<\/div>\n\t\t\t\t<\/div>\n\t\t\t<\/div>HistoriaLa fascinante historia de CORIDECOR tiene sus ra\u00edces en los a\u00f1os 60, en un humilde garaje al pie de los Dolomitas. Aqu\u00ed, la familia Panato decidi\u00f3 iniciar la empresa en la producci\u00f3n de esmaltes y revestimientos, centr\u00e1ndose inicialmente en servir al mercado local. Sin embargo, [&hellip;]<\/p>\n","protected":false},"author":1,"featured_media":0,"parent":0,"menu_order":0,"comment_status":"closed","ping_status":"closed","template":"","meta":{"_acf_changed":false,"_et_pb_use_builder":"on","_et_pb_old_content":"","_et_gb_content_width":"","footnotes":""},"class_list":["post-1315","page","type-page","status-publish","hentry"],"acf":[],"yoast_head":"<!-- This site is optimized with the Yoast SEO plugin v25.4 - https:\/\/yoast.com\/wordpress\/plugins\/seo\/ -->\n<title>Descubra la historia de Cori Decor - Del pasado a la excelencia actual<\/title>\n<meta name=\"description\" content=\"Explora la evoluci\u00f3n de Cori Decor, desde su fundaci\u00f3n hasta su establecimiento como referente del arte decorativo.\" \/>\n<meta name=\"robots\" content=\"noindex, follow, max-snippet:-1, max-image-preview:large, max-video-preview:-1\" \/>\n<meta property=\"og:locale\" content=\"es_ES\" \/>\n<meta property=\"og:type\" content=\"article\" \/>\n<meta property=\"og:title\" content=\"Descubra la historia de Cori Decor - Del pasado a la excelencia actual\" \/>\n<meta property=\"og:description\" content=\"Explora la evoluci\u00f3n de Cori Decor, desde su fundaci\u00f3n hasta su establecimiento como referente del arte decorativo.\" \/>\n<meta property=\"og:url\" content=\"https:\/\/dev.cori-decor.com\/es\/historia\/\" \/>\n<meta property=\"og:site_name\" content=\"Coridecor\" \/>\n<meta property=\"article:modified_time\" content=\"2024-05-28T14:56:07+00:00\" \/>\n<meta name=\"twitter:card\" content=\"summary_large_image\" \/>\n<meta name=\"twitter:label1\" content=\"Tiempo de lectura\" \/>\n\t<meta name=\"twitter:data1\" content=\"6 minutos\" \/>\n<script type=\"application\/ld+json\" class=\"yoast-schema-graph\">{\"@context\":\"https:\/\/schema.org\",\"@graph\":[{\"@type\":\"WebPage\",\"@id\":\"https:\/\/dev.cori-decor.com\/es\/historia\/\",\"url\":\"https:\/\/dev.cori-decor.com\/es\/historia\/\",\"name\":\"Descubra la historia de Cori Decor - Del pasado a la excelencia actual\",\"isPartOf\":{\"@id\":\"https:\/\/dev.cori-decor.com\/es\/#website\"},\"datePublished\":\"2023-12-19T08:33:34+00:00\",\"dateModified\":\"2024-05-28T14:56:07+00:00\",\"description\":\"Explora la evoluci\u00f3n de Cori Decor, desde su fundaci\u00f3n hasta su establecimiento como referente del arte decorativo.\",\"breadcrumb\":{\"@id\":\"https:\/\/dev.cori-decor.com\/es\/historia\/#breadcrumb\"},\"inLanguage\":\"es\",\"potentialAction\":[{\"@type\":\"ReadAction\",\"target\":[\"https:\/\/dev.cori-decor.com\/es\/historia\/\"]}]},{\"@type\":\"BreadcrumbList\",\"@id\":\"https:\/\/dev.cori-decor.com\/es\/historia\/#breadcrumb\",\"itemListElement\":[{\"@type\":\"ListItem\",\"position\":1,\"name\":\"Home\",\"item\":\"https:\/\/dev.cori-decor.com\/es\/pagina-de-inicio\/\"},{\"@type\":\"ListItem\",\"position\":2,\"name\":\"Historia\"}]},{\"@type\":\"WebSite\",\"@id\":\"https:\/\/dev.cori-decor.com\/es\/#website\",\"url\":\"https:\/\/dev.cori-decor.com\/es\/\",\"name\":\"Cori Decor\",\"description\":\"\",\"publisher\":{\"@id\":\"https:\/\/dev.cori-decor.com\/es\/#organization\"},\"potentialAction\":[{\"@type\":\"SearchAction\",\"target\":{\"@type\":\"EntryPoint\",\"urlTemplate\":\"https:\/\/dev.cori-decor.com\/es\/?s={search_term_string}\"},\"query-input\":{\"@type\":\"PropertyValueSpecification\",\"valueRequired\":true,\"valueName\":\"search_term_string\"}}],\"inLanguage\":\"es\"},{\"@type\":\"Organization\",\"@id\":\"https:\/\/dev.cori-decor.com\/es\/#organization\",\"name\":\"Cori S.r.l.\",\"url\":\"https:\/\/dev.cori-decor.com\/es\/\",\"logo\":{\"@type\":\"ImageObject\",\"inLanguage\":\"es\",\"@id\":\"https:\/\/dev.cori-decor.com\/es\/#\/schema\/logo\/image\/\",\"url\":\"https:\/\/dev.cori-decor.com\/wp-content\/uploads\/2023\/12\/Logo-CORIDECOR.png\",\"contentUrl\":\"https:\/\/dev.cori-decor.com\/wp-content\/uploads\/2023\/12\/Logo-CORIDECOR.png\",\"width\":828,\"height\":320,\"caption\":\"Cori S.r.l.\"},\"image\":{\"@id\":\"https:\/\/dev.cori-decor.com\/es\/#\/schema\/logo\/image\/\"}}]}<\/script>\n<!-- \/ Yoast SEO plugin. -->","yoast_head_json":{"title":"Descubra la historia de Cori Decor - Del pasado a la excelencia actual","description":"Explora la evoluci\u00f3n de Cori Decor, desde su fundaci\u00f3n hasta su establecimiento como referente del arte decorativo.","robots":{"index":"noindex","follow":"follow","max-snippet":"max-snippet:-1","max-image-preview":"max-image-preview:large","max-video-preview":"max-video-preview:-1"},"og_locale":"es_ES","og_type":"article","og_title":"Descubra la historia de Cori Decor - Del pasado a la excelencia actual","og_description":"Explora la evoluci\u00f3n de Cori Decor, desde su fundaci\u00f3n hasta su establecimiento como referente del arte decorativo.","og_url":"https:\/\/dev.cori-decor.com\/es\/historia\/","og_site_name":"Coridecor","article_modified_time":"2024-05-28T14:56:07+00:00","twitter_card":"summary_large_image","twitter_misc":{"Tiempo de lectura":"6 minutos"},"schema":{"@context":"https:\/\/schema.org","@graph":[{"@type":"WebPage","@id":"https:\/\/dev.cori-decor.com\/es\/historia\/","url":"https:\/\/dev.cori-decor.com\/es\/historia\/","name":"Descubra la historia de Cori Decor - Del pasado a la excelencia actual","isPartOf":{"@id":"https:\/\/dev.cori-decor.com\/es\/#website"},"datePublished":"2023-12-19T08:33:34+00:00","dateModified":"2024-05-28T14:56:07+00:00","description":"Explora la evoluci\u00f3n de Cori Decor, desde su fundaci\u00f3n hasta su establecimiento como referente del arte decorativo.","breadcrumb":{"@id":"https:\/\/dev.cori-decor.com\/es\/historia\/#breadcrumb"},"inLanguage":"es","potentialAction":[{"@type":"ReadAction","target":["https:\/\/dev.cori-decor.com\/es\/historia\/"]}]},{"@type":"BreadcrumbList","@id":"https:\/\/dev.cori-decor.com\/es\/historia\/#breadcrumb","itemListElement":[{"@type":"ListItem","position":1,"name":"Home","item":"https:\/\/dev.cori-decor.com\/es\/pagina-de-inicio\/"},{"@type":"ListItem","position":2,"name":"Historia"}]},{"@type":"WebSite","@id":"https:\/\/dev.cori-decor.com\/es\/#website","url":"https:\/\/dev.cori-decor.com\/es\/","name":"Cori Decor","description":"","publisher":{"@id":"https:\/\/dev.cori-decor.com\/es\/#organization"},"potentialAction":[{"@type":"SearchAction","target":{"@type":"EntryPoint","urlTemplate":"https:\/\/dev.cori-decor.com\/es\/?s={search_term_string}"},"query-input":{"@type":"PropertyValueSpecification","valueRequired":true,"valueName":"search_term_string"}}],"inLanguage":"es"},{"@type":"Organization","@id":"https:\/\/dev.cori-decor.com\/es\/#organization","name":"Cori S.r.l.","url":"https:\/\/dev.cori-decor.com\/es\/","logo":{"@type":"ImageObject","inLanguage":"es","@id":"https:\/\/dev.cori-decor.com\/es\/#\/schema\/logo\/image\/","url":"https:\/\/dev.cori-decor.com\/wp-content\/uploads\/2023\/12\/Logo-CORIDECOR.png","contentUrl":"https:\/\/dev.cori-decor.com\/wp-content\/uploads\/2023\/12\/Logo-CORIDECOR.png","width":828,"height":320,"caption":"Cori S.r.l."},"image":{"@id":"https:\/\/dev.cori-decor.com\/es\/#\/schema\/logo\/image\/"}}]}},"_links":{"self":[{"href":"https:\/\/dev.cori-decor.com\/es\/wp-json\/wp\/v2\/pages\/1315","targetHints":{"allow":["GET"]}}],"collection":[{"href":"https:\/\/dev.cori-decor.com\/es\/wp-json\/wp\/v2\/pages"}],"about":[{"href":"https:\/\/dev.cori-decor.com\/es\/wp-json\/wp\/v2\/types\/page"}],"author":[{"embeddable":true,"href":"https:\/\/dev.cori-decor.com\/es\/wp-json\/wp\/v2\/users\/1"}],"replies":[{"embeddable":true,"href":"https:\/\/dev.cori-decor.com\/es\/wp-json\/wp\/v2\/comments?post=1315"}],"version-history":[{"count":8,"href":"https:\/\/dev.cori-decor.com\/es\/wp-json\/wp\/v2\/pages\/1315\/revisions"}],"predecessor-version":[{"id":1704,"href":"https:\/\/dev.cori-decor.com\/es\/wp-json\/wp\/v2\/pages\/1315\/revisions\/1704"}],"wp:attachment":[{"href":"https:\/\/dev.cori-decor.com\/es\/wp-json\/wp\/v2\/media?parent=1315"}],"curies":[{"name":"wp","href":"https:\/\/api.w.org\/{rel}","templated":true}]}}