{"id":1510,"date":"2023-12-19T09:49:42","date_gmt":"2023-12-19T09:49:42","guid":{"rendered":"https:\/\/dev.cori-decor.com\/prodotto\/pietraviva\/"},"modified":"2024-05-28T15:15:27","modified_gmt":"2024-05-28T15:15:27","slug":"pietraviva","status":"publish","type":"product","link":"https:\/\/dev.cori-decor.com\/es\/producto\/pietraviva\/","title":{"rendered":"Pietraviva"},"content":{"rendered":"<p>Un homenaje al estado del arte de la cal. El efecto mat\u00e9rico recuerda un decorado de m\u00e1rmol natural que evoluciona seg\u00fan la perspectiva desde la que se observa. Un juego de sombras intenso y fascinante Un intenso y fascinante juego de sombras.<\/p>\n","protected":false},"excerpt":{"rendered":"<p>Efecto piedra natural de para interiores<\/p>\n","protected":false},"featured_media":630,"comment_status":"open","ping_status":"closed","template":"","meta":{"_acf_changed":false,"_et_pb_use_builder":"off","_et_pb_old_content":"Un homenaje al estado del arte de la cal. El efecto mat\u00e9rico recuerda un decorado de m\u00e1rmol natural que evoluciona seg\u00fan la perspectiva desde la que se observa. Un juego de sombras intenso y fascinante Un intenso y fascinante juego de sombras.","_et_gb_content_width":""},"product_brand":[],"product_cat":[118],"product_tag":[],"class_list":{"0":"post-1510","1":"product","2":"type-product","3":"status-publish","4":"has-post-thumbnail","6":"product_cat-sin-categorizar","8":"first","9":"instock","10":"shipping-taxable","11":"product-type-simple"},"acf":[],"yoast_head":"<!-- This site is optimized with the Yoast SEO plugin v25.4 - https:\/\/yoast.com\/wordpress\/plugins\/seo\/ -->\n<title>Pietraviva - Revestimientos interiores de efecto piedra natural<\/title>\n<meta name=\"description\" content=\"Descubra Pietraviva de Cori Decor, el revestimiento decorativo a base de cal que recrea el efecto material de la piedra natural para interiores.\" \/>\n<meta name=\"robots\" content=\"noindex, follow, max-snippet:-1, max-image-preview:large, max-video-preview:-1\" \/>\n<meta property=\"og:locale\" content=\"es_ES\" \/>\n<meta property=\"og:type\" content=\"article\" \/>\n<meta property=\"og:title\" content=\"Pietraviva - Revestimientos interiores de efecto piedra natural\" \/>\n<meta property=\"og:description\" content=\"Descubra Pietraviva de Cori Decor, el revestimiento decorativo a base de cal que recrea el efecto material de la piedra natural para interiores.\" \/>\n<meta property=\"og:url\" content=\"https:\/\/dev.cori-decor.com\/es\/producto\/pietraviva\/\" \/>\n<meta property=\"og:site_name\" content=\"Coridecor\" \/>\n<meta property=\"article:modified_time\" content=\"2024-05-28T15:15:27+00:00\" \/>\n<meta property=\"og:image\" content=\"https:\/\/dev.cori-decor.com\/wp-content\/uploads\/2023\/12\/0602-compress.jpg\" \/>\n\t<meta property=\"og:image:width\" content=\"1080\" \/>\n\t<meta property=\"og:image:height\" content=\"1620\" \/>\n\t<meta property=\"og:image:type\" content=\"image\/jpeg\" \/>\n<meta name=\"twitter:card\" content=\"summary_large_image\" \/>\n<script type=\"application\/ld+json\" class=\"yoast-schema-graph\">{\"@context\":\"https:\/\/schema.org\",\"@graph\":[{\"@type\":\"WebPage\",\"@id\":\"https:\/\/dev.cori-decor.com\/es\/producto\/pietraviva\/\",\"url\":\"https:\/\/dev.cori-decor.com\/es\/producto\/pietraviva\/\",\"name\":\"Pietraviva - Revestimientos interiores de efecto piedra natural\",\"isPartOf\":{\"@id\":\"https:\/\/dev.cori-decor.com\/es\/#website\"},\"primaryImageOfPage\":{\"@id\":\"https:\/\/dev.cori-decor.com\/es\/producto\/pietraviva\/#primaryimage\"},\"image\":{\"@id\":\"https:\/\/dev.cori-decor.com\/es\/producto\/pietraviva\/#primaryimage\"},\"thumbnailUrl\":\"https:\/\/dev.cori-decor.com\/wp-content\/uploads\/2023\/12\/0602-compress.jpg\",\"datePublished\":\"2023-12-19T09:49:42+00:00\",\"dateModified\":\"2024-05-28T15:15:27+00:00\",\"description\":\"Descubra Pietraviva de Cori Decor, el revestimiento decorativo a base de cal que recrea el efecto material de la piedra natural para interiores.\",\"breadcrumb\":{\"@id\":\"https:\/\/dev.cori-decor.com\/es\/producto\/pietraviva\/#breadcrumb\"},\"inLanguage\":\"es\",\"potentialAction\":[{\"@type\":\"ReadAction\",\"target\":[\"https:\/\/dev.cori-decor.com\/es\/producto\/pietraviva\/\"]}]},{\"@type\":\"ImageObject\",\"inLanguage\":\"es\",\"@id\":\"https:\/\/dev.cori-decor.com\/es\/producto\/pietraviva\/#primaryimage\",\"url\":\"https:\/\/dev.cori-decor.com\/wp-content\/uploads\/2023\/12\/0602-compress.jpg\",\"contentUrl\":\"https:\/\/dev.cori-decor.com\/wp-content\/uploads\/2023\/12\/0602-compress.jpg\",\"width\":1080,\"height\":1620,\"caption\":\"pietraviva\"},{\"@type\":\"BreadcrumbList\",\"@id\":\"https:\/\/dev.cori-decor.com\/es\/producto\/pietraviva\/#breadcrumb\",\"itemListElement\":[{\"@type\":\"ListItem\",\"position\":1,\"name\":\"Home\",\"item\":\"https:\/\/dev.cori-decor.com\/es\/pagina-de-inicio\/\"},{\"@type\":\"ListItem\",\"position\":2,\"name\":\"Finiture\",\"item\":\"https:\/\/dev.cori-decor.com\/finiture\/\"},{\"@type\":\"ListItem\",\"position\":3,\"name\":\"Pietraviva\"}]},{\"@type\":\"WebSite\",\"@id\":\"https:\/\/dev.cori-decor.com\/es\/#website\",\"url\":\"https:\/\/dev.cori-decor.com\/es\/\",\"name\":\"Cori Decor\",\"description\":\"\",\"publisher\":{\"@id\":\"https:\/\/dev.cori-decor.com\/es\/#organization\"},\"potentialAction\":[{\"@type\":\"SearchAction\",\"target\":{\"@type\":\"EntryPoint\",\"urlTemplate\":\"https:\/\/dev.cori-decor.com\/es\/?s={search_term_string}\"},\"query-input\":{\"@type\":\"PropertyValueSpecification\",\"valueRequired\":true,\"valueName\":\"search_term_string\"}}],\"inLanguage\":\"es\"},{\"@type\":\"Organization\",\"@id\":\"https:\/\/dev.cori-decor.com\/es\/#organization\",\"name\":\"Cori S.r.l.\",\"url\":\"https:\/\/dev.cori-decor.com\/es\/\",\"logo\":{\"@type\":\"ImageObject\",\"inLanguage\":\"es\",\"@id\":\"https:\/\/dev.cori-decor.com\/es\/#\/schema\/logo\/image\/\",\"url\":\"https:\/\/dev.cori-decor.com\/wp-content\/uploads\/2023\/12\/Logo-CORIDECOR.png\",\"contentUrl\":\"https:\/\/dev.cori-decor.com\/wp-content\/uploads\/2023\/12\/Logo-CORIDECOR.png\",\"width\":828,\"height\":320,\"caption\":\"Cori S.r.l.\"},\"image\":{\"@id\":\"https:\/\/dev.cori-decor.com\/es\/#\/schema\/logo\/image\/\"}}]}<\/script>\n<!-- \/ Yoast SEO plugin. -->","yoast_head_json":{"title":"Pietraviva - Revestimientos interiores de efecto piedra natural","description":"Descubra Pietraviva de Cori Decor, el revestimiento decorativo a base de cal que recrea el efecto material de la piedra natural para interiores.","robots":{"index":"noindex","follow":"follow","max-snippet":"max-snippet:-1","max-image-preview":"max-image-preview:large","max-video-preview":"max-video-preview:-1"},"og_locale":"es_ES","og_type":"article","og_title":"Pietraviva - Revestimientos interiores de efecto piedra natural","og_description":"Descubra Pietraviva de Cori Decor, el revestimiento decorativo a base de cal que recrea el efecto material de la piedra natural para interiores.","og_url":"https:\/\/dev.cori-decor.com\/es\/producto\/pietraviva\/","og_site_name":"Coridecor","article_modified_time":"2024-05-28T15:15:27+00:00","og_image":[{"width":1080,"height":1620,"url":"https:\/\/dev.cori-decor.com\/wp-content\/uploads\/2023\/12\/0602-compress.jpg","type":"image\/jpeg"}],"twitter_card":"summary_large_image","schema":{"@context":"https:\/\/schema.org","@graph":[{"@type":"WebPage","@id":"https:\/\/dev.cori-decor.com\/es\/producto\/pietraviva\/","url":"https:\/\/dev.cori-decor.com\/es\/producto\/pietraviva\/","name":"Pietraviva - Revestimientos interiores de efecto piedra natural","isPartOf":{"@id":"https:\/\/dev.cori-decor.com\/es\/#website"},"primaryImageOfPage":{"@id":"https:\/\/dev.cori-decor.com\/es\/producto\/pietraviva\/#primaryimage"},"image":{"@id":"https:\/\/dev.cori-decor.com\/es\/producto\/pietraviva\/#primaryimage"},"thumbnailUrl":"https:\/\/dev.cori-decor.com\/wp-content\/uploads\/2023\/12\/0602-compress.jpg","datePublished":"2023-12-19T09:49:42+00:00","dateModified":"2024-05-28T15:15:27+00:00","description":"Descubra Pietraviva de Cori Decor, el revestimiento decorativo a base de cal que recrea el efecto material de la piedra natural para interiores.","breadcrumb":{"@id":"https:\/\/dev.cori-decor.com\/es\/producto\/pietraviva\/#breadcrumb"},"inLanguage":"es","potentialAction":[{"@type":"ReadAction","target":["https:\/\/dev.cori-decor.com\/es\/producto\/pietraviva\/"]}]},{"@type":"ImageObject","inLanguage":"es","@id":"https:\/\/dev.cori-decor.com\/es\/producto\/pietraviva\/#primaryimage","url":"https:\/\/dev.cori-decor.com\/wp-content\/uploads\/2023\/12\/0602-compress.jpg","contentUrl":"https:\/\/dev.cori-decor.com\/wp-content\/uploads\/2023\/12\/0602-compress.jpg","width":1080,"height":1620,"caption":"pietraviva"},{"@type":"BreadcrumbList","@id":"https:\/\/dev.cori-decor.com\/es\/producto\/pietraviva\/#breadcrumb","itemListElement":[{"@type":"ListItem","position":1,"name":"Home","item":"https:\/\/dev.cori-decor.com\/es\/pagina-de-inicio\/"},{"@type":"ListItem","position":2,"name":"Finiture","item":"https:\/\/dev.cori-decor.com\/finiture\/"},{"@type":"ListItem","position":3,"name":"Pietraviva"}]},{"@type":"WebSite","@id":"https:\/\/dev.cori-decor.com\/es\/#website","url":"https:\/\/dev.cori-decor.com\/es\/","name":"Cori Decor","description":"","publisher":{"@id":"https:\/\/dev.cori-decor.com\/es\/#organization"},"potentialAction":[{"@type":"SearchAction","target":{"@type":"EntryPoint","urlTemplate":"https:\/\/dev.cori-decor.com\/es\/?s={search_term_string}"},"query-input":{"@type":"PropertyValueSpecification","valueRequired":true,"valueName":"search_term_string"}}],"inLanguage":"es"},{"@type":"Organization","@id":"https:\/\/dev.cori-decor.com\/es\/#organization","name":"Cori S.r.l.","url":"https:\/\/dev.cori-decor.com\/es\/","logo":{"@type":"ImageObject","inLanguage":"es","@id":"https:\/\/dev.cori-decor.com\/es\/#\/schema\/logo\/image\/","url":"https:\/\/dev.cori-decor.com\/wp-content\/uploads\/2023\/12\/Logo-CORIDECOR.png","contentUrl":"https:\/\/dev.cori-decor.com\/wp-content\/uploads\/2023\/12\/Logo-CORIDECOR.png","width":828,"height":320,"caption":"Cori S.r.l."},"image":{"@id":"https:\/\/dev.cori-decor.com\/es\/#\/schema\/logo\/image\/"}}]}},"_links":{"self":[{"href":"https:\/\/dev.cori-decor.com\/es\/wp-json\/wp\/v2\/product\/1510","targetHints":{"allow":["GET"]}}],"collection":[{"href":"https:\/\/dev.cori-decor.com\/es\/wp-json\/wp\/v2\/product"}],"about":[{"href":"https:\/\/dev.cori-decor.com\/es\/wp-json\/wp\/v2\/types\/product"}],"replies":[{"embeddable":true,"href":"https:\/\/dev.cori-decor.com\/es\/wp-json\/wp\/v2\/comments?post=1510"}],"wp:featuredmedia":[{"embeddable":true,"href":"https:\/\/dev.cori-decor.com\/es\/wp-json\/wp\/v2\/media\/630"}],"wp:attachment":[{"href":"https:\/\/dev.cori-decor.com\/es\/wp-json\/wp\/v2\/media?parent=1510"}],"wp:term":[{"taxonomy":"product_brand","embeddable":true,"href":"https:\/\/dev.cori-decor.com\/es\/wp-json\/wp\/v2\/product_brand?post=1510"},{"taxonomy":"product_cat","embeddable":true,"href":"https:\/\/dev.cori-decor.com\/es\/wp-json\/wp\/v2\/product_cat?post=1510"},{"taxonomy":"product_tag","embeddable":true,"href":"https:\/\/dev.cori-decor.com\/es\/wp-json\/wp\/v2\/product_tag?post=1510"}],"curies":[{"name":"wp","href":"https:\/\/api.w.org\/{rel}","templated":true}]}}