{"id":1511,"date":"2023-12-19T09:49:42","date_gmt":"2023-12-19T09:49:42","guid":{"rendered":"https:\/\/dev.cori-decor.com\/prodotto\/pietraviva\/"},"modified":"2024-05-28T15:14:27","modified_gmt":"2024-05-28T15:14:27","slug":"pietraviva","status":"publish","type":"product","link":"https:\/\/dev.cori-decor.com\/fr\/produit\/pietraviva\/","title":{"rendered":"Pietraviva"},"content":{"rendered":"<p>Un hommage \u00e0 la beaut\u00e9 de l&rsquo;art de la chaux. L&rsquo;effet de mati\u00e8re rappelle un d\u00e9cor naturel de marbre qui \u00e9volue en fonction de la perspective dans laquelle il est observ\u00e9. Un jeu d&rsquo;ombres intense et fascinant<\/p>\n","protected":false},"excerpt":{"rendered":"<p>Effet pierre \u00e0 chaux naturelle pour les int\u00e9rieurs<\/p>\n","protected":false},"featured_media":628,"comment_status":"open","ping_status":"closed","template":"","meta":{"_acf_changed":false,"_et_pb_use_builder":"off","_et_pb_old_content":"Un hommage \u00e0 la beaut\u00e9 de l'art de la chaux. L'effet de mati\u00e8re rappelle un d\u00e9cor naturel de marbre qui \u00e9volue en fonction de la perspective dans laquelle il est observ\u00e9. Un jeu d'ombres intense et fascinant","_et_gb_content_width":""},"product_brand":[],"product_cat":[116],"product_tag":[],"class_list":{"0":"post-1511","1":"product","2":"type-product","3":"status-publish","4":"has-post-thumbnail","6":"product_cat-non-classifiee","8":"first","9":"instock","10":"shipping-taxable","11":"product-type-simple"},"acf":[],"yoast_head":"<!-- This site is optimized with the Yoast SEO plugin v25.4 - https:\/\/yoast.com\/wordpress\/plugins\/seo\/ -->\n<title>Pietraviva - Rev\u00eatements int\u00e9rieurs \u00e0 effet de pierre naturelle<\/title>\n<meta name=\"description\" content=\"D\u00e9couvrez Pietraviva de Cori Decor, le rev\u00eatement d\u00e9coratif \u00e0 base de chaux qui recr\u00e9e l&#039;effet de mati\u00e8re de la pierre naturelle pour les int\u00e9rieurs.\" \/>\n<meta name=\"robots\" content=\"noindex, follow, max-snippet:-1, max-image-preview:large, max-video-preview:-1\" \/>\n<meta property=\"og:locale\" content=\"fr_FR\" \/>\n<meta property=\"og:type\" content=\"article\" \/>\n<meta property=\"og:title\" content=\"Pietraviva - Rev\u00eatements int\u00e9rieurs \u00e0 effet de pierre naturelle\" \/>\n<meta property=\"og:description\" content=\"D\u00e9couvrez Pietraviva de Cori Decor, le rev\u00eatement d\u00e9coratif \u00e0 base de chaux qui recr\u00e9e l&#039;effet de mati\u00e8re de la pierre naturelle pour les int\u00e9rieurs.\" \/>\n<meta property=\"og:url\" content=\"https:\/\/dev.cori-decor.com\/fr\/produit\/pietraviva\/\" \/>\n<meta property=\"og:site_name\" content=\"Coridecor\" \/>\n<meta property=\"article:modified_time\" content=\"2024-05-28T15:14:27+00:00\" \/>\n<meta property=\"og:image\" content=\"https:\/\/dev.cori-decor.com\/wp-content\/uploads\/2023\/12\/0602-compress.jpg\" \/>\n\t<meta property=\"og:image:width\" content=\"1080\" \/>\n\t<meta property=\"og:image:height\" content=\"1620\" \/>\n\t<meta property=\"og:image:type\" content=\"image\/jpeg\" \/>\n<meta name=\"twitter:card\" content=\"summary_large_image\" \/>\n<script type=\"application\/ld+json\" class=\"yoast-schema-graph\">{\"@context\":\"https:\/\/schema.org\",\"@graph\":[{\"@type\":\"WebPage\",\"@id\":\"https:\/\/dev.cori-decor.com\/fr\/produit\/pietraviva\/\",\"url\":\"https:\/\/dev.cori-decor.com\/fr\/produit\/pietraviva\/\",\"name\":\"Pietraviva - Rev\u00eatements int\u00e9rieurs \u00e0 effet de pierre naturelle\",\"isPartOf\":{\"@id\":\"https:\/\/dev.cori-decor.com\/fr\/#website\"},\"primaryImageOfPage\":{\"@id\":\"https:\/\/dev.cori-decor.com\/fr\/produit\/pietraviva\/#primaryimage\"},\"image\":{\"@id\":\"https:\/\/dev.cori-decor.com\/fr\/produit\/pietraviva\/#primaryimage\"},\"thumbnailUrl\":\"https:\/\/dev.cori-decor.com\/wp-content\/uploads\/2023\/12\/0602-compress.jpg\",\"datePublished\":\"2023-12-19T09:49:42+00:00\",\"dateModified\":\"2024-05-28T15:14:27+00:00\",\"description\":\"D\u00e9couvrez Pietraviva de Cori Decor, le rev\u00eatement d\u00e9coratif \u00e0 base de chaux qui recr\u00e9e l'effet de mati\u00e8re de la pierre naturelle pour les int\u00e9rieurs.\",\"breadcrumb\":{\"@id\":\"https:\/\/dev.cori-decor.com\/fr\/produit\/pietraviva\/#breadcrumb\"},\"inLanguage\":\"fr-FR\",\"potentialAction\":[{\"@type\":\"ReadAction\",\"target\":[\"https:\/\/dev.cori-decor.com\/fr\/produit\/pietraviva\/\"]}]},{\"@type\":\"ImageObject\",\"inLanguage\":\"fr-FR\",\"@id\":\"https:\/\/dev.cori-decor.com\/fr\/produit\/pietraviva\/#primaryimage\",\"url\":\"https:\/\/dev.cori-decor.com\/wp-content\/uploads\/2023\/12\/0602-compress.jpg\",\"contentUrl\":\"https:\/\/dev.cori-decor.com\/wp-content\/uploads\/2023\/12\/0602-compress.jpg\",\"width\":1080,\"height\":1620,\"caption\":\"pietraviva\"},{\"@type\":\"BreadcrumbList\",\"@id\":\"https:\/\/dev.cori-decor.com\/fr\/produit\/pietraviva\/#breadcrumb\",\"itemListElement\":[{\"@type\":\"ListItem\",\"position\":1,\"name\":\"Home\",\"item\":\"https:\/\/dev.cori-decor.com\/fr\/page-daccueil\/\"},{\"@type\":\"ListItem\",\"position\":2,\"name\":\"Finiture\",\"item\":\"https:\/\/dev.cori-decor.com\/finiture\/\"},{\"@type\":\"ListItem\",\"position\":3,\"name\":\"Pietraviva\"}]},{\"@type\":\"WebSite\",\"@id\":\"https:\/\/dev.cori-decor.com\/fr\/#website\",\"url\":\"https:\/\/dev.cori-decor.com\/fr\/\",\"name\":\"Cori Decor\",\"description\":\"\",\"publisher\":{\"@id\":\"https:\/\/dev.cori-decor.com\/fr\/#organization\"},\"potentialAction\":[{\"@type\":\"SearchAction\",\"target\":{\"@type\":\"EntryPoint\",\"urlTemplate\":\"https:\/\/dev.cori-decor.com\/fr\/?s={search_term_string}\"},\"query-input\":{\"@type\":\"PropertyValueSpecification\",\"valueRequired\":true,\"valueName\":\"search_term_string\"}}],\"inLanguage\":\"fr-FR\"},{\"@type\":\"Organization\",\"@id\":\"https:\/\/dev.cori-decor.com\/fr\/#organization\",\"name\":\"Cori S.r.l.\",\"url\":\"https:\/\/dev.cori-decor.com\/fr\/\",\"logo\":{\"@type\":\"ImageObject\",\"inLanguage\":\"fr-FR\",\"@id\":\"https:\/\/dev.cori-decor.com\/fr\/#\/schema\/logo\/image\/\",\"url\":\"https:\/\/dev.cori-decor.com\/wp-content\/uploads\/2023\/12\/Logo-CORIDECOR.png\",\"contentUrl\":\"https:\/\/dev.cori-decor.com\/wp-content\/uploads\/2023\/12\/Logo-CORIDECOR.png\",\"width\":828,\"height\":320,\"caption\":\"Cori S.r.l.\"},\"image\":{\"@id\":\"https:\/\/dev.cori-decor.com\/fr\/#\/schema\/logo\/image\/\"}}]}<\/script>\n<!-- \/ Yoast SEO plugin. -->","yoast_head_json":{"title":"Pietraviva - Rev\u00eatements int\u00e9rieurs \u00e0 effet de pierre naturelle","description":"D\u00e9couvrez Pietraviva de Cori Decor, le rev\u00eatement d\u00e9coratif \u00e0 base de chaux qui recr\u00e9e l'effet de mati\u00e8re de la pierre naturelle pour les int\u00e9rieurs.","robots":{"index":"noindex","follow":"follow","max-snippet":"max-snippet:-1","max-image-preview":"max-image-preview:large","max-video-preview":"max-video-preview:-1"},"og_locale":"fr_FR","og_type":"article","og_title":"Pietraviva - Rev\u00eatements int\u00e9rieurs \u00e0 effet de pierre naturelle","og_description":"D\u00e9couvrez Pietraviva de Cori Decor, le rev\u00eatement d\u00e9coratif \u00e0 base de chaux qui recr\u00e9e l'effet de mati\u00e8re de la pierre naturelle pour les int\u00e9rieurs.","og_url":"https:\/\/dev.cori-decor.com\/fr\/produit\/pietraviva\/","og_site_name":"Coridecor","article_modified_time":"2024-05-28T15:14:27+00:00","og_image":[{"width":1080,"height":1620,"url":"https:\/\/dev.cori-decor.com\/wp-content\/uploads\/2023\/12\/0602-compress.jpg","type":"image\/jpeg"}],"twitter_card":"summary_large_image","schema":{"@context":"https:\/\/schema.org","@graph":[{"@type":"WebPage","@id":"https:\/\/dev.cori-decor.com\/fr\/produit\/pietraviva\/","url":"https:\/\/dev.cori-decor.com\/fr\/produit\/pietraviva\/","name":"Pietraviva - Rev\u00eatements int\u00e9rieurs \u00e0 effet de pierre naturelle","isPartOf":{"@id":"https:\/\/dev.cori-decor.com\/fr\/#website"},"primaryImageOfPage":{"@id":"https:\/\/dev.cori-decor.com\/fr\/produit\/pietraviva\/#primaryimage"},"image":{"@id":"https:\/\/dev.cori-decor.com\/fr\/produit\/pietraviva\/#primaryimage"},"thumbnailUrl":"https:\/\/dev.cori-decor.com\/wp-content\/uploads\/2023\/12\/0602-compress.jpg","datePublished":"2023-12-19T09:49:42+00:00","dateModified":"2024-05-28T15:14:27+00:00","description":"D\u00e9couvrez Pietraviva de Cori Decor, le rev\u00eatement d\u00e9coratif \u00e0 base de chaux qui recr\u00e9e l'effet de mati\u00e8re de la pierre naturelle pour les int\u00e9rieurs.","breadcrumb":{"@id":"https:\/\/dev.cori-decor.com\/fr\/produit\/pietraviva\/#breadcrumb"},"inLanguage":"fr-FR","potentialAction":[{"@type":"ReadAction","target":["https:\/\/dev.cori-decor.com\/fr\/produit\/pietraviva\/"]}]},{"@type":"ImageObject","inLanguage":"fr-FR","@id":"https:\/\/dev.cori-decor.com\/fr\/produit\/pietraviva\/#primaryimage","url":"https:\/\/dev.cori-decor.com\/wp-content\/uploads\/2023\/12\/0602-compress.jpg","contentUrl":"https:\/\/dev.cori-decor.com\/wp-content\/uploads\/2023\/12\/0602-compress.jpg","width":1080,"height":1620,"caption":"pietraviva"},{"@type":"BreadcrumbList","@id":"https:\/\/dev.cori-decor.com\/fr\/produit\/pietraviva\/#breadcrumb","itemListElement":[{"@type":"ListItem","position":1,"name":"Home","item":"https:\/\/dev.cori-decor.com\/fr\/page-daccueil\/"},{"@type":"ListItem","position":2,"name":"Finiture","item":"https:\/\/dev.cori-decor.com\/finiture\/"},{"@type":"ListItem","position":3,"name":"Pietraviva"}]},{"@type":"WebSite","@id":"https:\/\/dev.cori-decor.com\/fr\/#website","url":"https:\/\/dev.cori-decor.com\/fr\/","name":"Cori Decor","description":"","publisher":{"@id":"https:\/\/dev.cori-decor.com\/fr\/#organization"},"potentialAction":[{"@type":"SearchAction","target":{"@type":"EntryPoint","urlTemplate":"https:\/\/dev.cori-decor.com\/fr\/?s={search_term_string}"},"query-input":{"@type":"PropertyValueSpecification","valueRequired":true,"valueName":"search_term_string"}}],"inLanguage":"fr-FR"},{"@type":"Organization","@id":"https:\/\/dev.cori-decor.com\/fr\/#organization","name":"Cori S.r.l.","url":"https:\/\/dev.cori-decor.com\/fr\/","logo":{"@type":"ImageObject","inLanguage":"fr-FR","@id":"https:\/\/dev.cori-decor.com\/fr\/#\/schema\/logo\/image\/","url":"https:\/\/dev.cori-decor.com\/wp-content\/uploads\/2023\/12\/Logo-CORIDECOR.png","contentUrl":"https:\/\/dev.cori-decor.com\/wp-content\/uploads\/2023\/12\/Logo-CORIDECOR.png","width":828,"height":320,"caption":"Cori S.r.l."},"image":{"@id":"https:\/\/dev.cori-decor.com\/fr\/#\/schema\/logo\/image\/"}}]}},"_links":{"self":[{"href":"https:\/\/dev.cori-decor.com\/fr\/wp-json\/wp\/v2\/product\/1511","targetHints":{"allow":["GET"]}}],"collection":[{"href":"https:\/\/dev.cori-decor.com\/fr\/wp-json\/wp\/v2\/product"}],"about":[{"href":"https:\/\/dev.cori-decor.com\/fr\/wp-json\/wp\/v2\/types\/product"}],"replies":[{"embeddable":true,"href":"https:\/\/dev.cori-decor.com\/fr\/wp-json\/wp\/v2\/comments?post=1511"}],"wp:featuredmedia":[{"embeddable":true,"href":"https:\/\/dev.cori-decor.com\/fr\/wp-json\/wp\/v2\/media\/628"}],"wp:attachment":[{"href":"https:\/\/dev.cori-decor.com\/fr\/wp-json\/wp\/v2\/media?parent=1511"}],"wp:term":[{"taxonomy":"product_brand","embeddable":true,"href":"https:\/\/dev.cori-decor.com\/fr\/wp-json\/wp\/v2\/product_brand?post=1511"},{"taxonomy":"product_cat","embeddable":true,"href":"https:\/\/dev.cori-decor.com\/fr\/wp-json\/wp\/v2\/product_cat?post=1511"},{"taxonomy":"product_tag","embeddable":true,"href":"https:\/\/dev.cori-decor.com\/fr\/wp-json\/wp\/v2\/product_tag?post=1511"}],"curies":[{"name":"wp","href":"https:\/\/api.w.org\/{rel}","templated":true}]}}