{"id":1531,"date":"2023-12-19T09:40:17","date_gmt":"2023-12-19T09:40:17","guid":{"rendered":"https:\/\/dev.cori-decor.com\/prodotto\/marmorint\/"},"modified":"2024-05-28T15:23:37","modified_gmt":"2024-05-28T15:23:37","slug":"marmorint","status":"publish","type":"product","link":"https:\/\/dev.cori-decor.com\/fr\/produit\/marmorint\/","title":{"rendered":"Marmorint"},"content":{"rendered":"<p>Finition classique et \u00e9paisse : excellente pour pr\u00e9server et d\u00e9corer les espaces de valeur au fil du temps. R\u00e9alis\u00e9e avec de pr\u00e9cieuses pierres marbri\u00e8res pour cr\u00e9er l&rsquo;effet classique d&rsquo;un enduit fris\u00e9 fin<\/p>\n","protected":false},"excerpt":{"rendered":"<p>Enduit \u00e0 la chaux pour l&rsquo;int\u00e9rieur et l&rsquo;ext\u00e9rieur<\/p>\n","protected":false},"featured_media":568,"comment_status":"open","ping_status":"closed","template":"","meta":{"_acf_changed":false,"_et_pb_use_builder":"","_et_pb_old_content":"","_et_gb_content_width":""},"product_brand":[],"product_cat":[116],"product_tag":[],"class_list":{"0":"post-1531","1":"product","2":"type-product","3":"status-publish","4":"has-post-thumbnail","6":"product_cat-non-classifiee","8":"first","9":"instock","10":"shipping-taxable","11":"product-type-simple"},"acf":[],"yoast_head":"<!-- This site is optimized with the Yoast SEO plugin v25.4 - https:\/\/yoast.com\/wordpress\/plugins\/seo\/ -->\n<title>Marmorint - Enduit \u00e0 la chaux pour l&#039;int\u00e9rieur et l&#039;ext\u00e9rieur | Cori Decor<\/title>\n<meta name=\"description\" content=\"D\u00e9couvrez Marmorint de Cori Decor : un enduit \u00e0 la chaux de haute qualit\u00e9 id\u00e9al pour des finitions classiques sur les murs int\u00e9rieurs et ext\u00e9rieurs.\" \/>\n<meta name=\"robots\" content=\"noindex, follow, max-snippet:-1, max-image-preview:large, max-video-preview:-1\" \/>\n<meta property=\"og:locale\" content=\"fr_FR\" \/>\n<meta property=\"og:type\" content=\"article\" \/>\n<meta property=\"og:title\" content=\"Marmorint - Enduit \u00e0 la chaux pour l&#039;int\u00e9rieur et l&#039;ext\u00e9rieur | Cori Decor\" \/>\n<meta property=\"og:description\" content=\"D\u00e9couvrez Marmorint de Cori Decor : un enduit \u00e0 la chaux de haute qualit\u00e9 id\u00e9al pour des finitions classiques sur les murs int\u00e9rieurs et ext\u00e9rieurs.\" \/>\n<meta property=\"og:url\" content=\"https:\/\/dev.cori-decor.com\/fr\/produit\/marmorint\/\" \/>\n<meta property=\"og:site_name\" content=\"Coridecor\" \/>\n<meta property=\"article:modified_time\" content=\"2024-05-28T15:23:37+00:00\" \/>\n<meta property=\"og:image\" content=\"https:\/\/dev.cori-decor.com\/wp-content\/uploads\/2023\/12\/0201.jpg\" \/>\n\t<meta property=\"og:image:width\" content=\"1094\" \/>\n\t<meta property=\"og:image:height\" content=\"1641\" \/>\n\t<meta property=\"og:image:type\" content=\"image\/jpeg\" \/>\n<meta name=\"twitter:card\" content=\"summary_large_image\" \/>\n<script type=\"application\/ld+json\" class=\"yoast-schema-graph\">{\"@context\":\"https:\/\/schema.org\",\"@graph\":[{\"@type\":\"WebPage\",\"@id\":\"https:\/\/dev.cori-decor.com\/fr\/produit\/marmorint\/\",\"url\":\"https:\/\/dev.cori-decor.com\/fr\/produit\/marmorint\/\",\"name\":\"Marmorint - Enduit \u00e0 la chaux pour l'int\u00e9rieur et l'ext\u00e9rieur | Cori Decor\",\"isPartOf\":{\"@id\":\"https:\/\/dev.cori-decor.com\/fr\/#website\"},\"primaryImageOfPage\":{\"@id\":\"https:\/\/dev.cori-decor.com\/fr\/produit\/marmorint\/#primaryimage\"},\"image\":{\"@id\":\"https:\/\/dev.cori-decor.com\/fr\/produit\/marmorint\/#primaryimage\"},\"thumbnailUrl\":\"https:\/\/dev.cori-decor.com\/wp-content\/uploads\/2023\/12\/0201.jpg\",\"datePublished\":\"2023-12-19T09:40:17+00:00\",\"dateModified\":\"2024-05-28T15:23:37+00:00\",\"description\":\"D\u00e9couvrez Marmorint de Cori Decor : un enduit \u00e0 la chaux de haute qualit\u00e9 id\u00e9al pour des finitions classiques sur les murs int\u00e9rieurs et ext\u00e9rieurs.\",\"breadcrumb\":{\"@id\":\"https:\/\/dev.cori-decor.com\/fr\/produit\/marmorint\/#breadcrumb\"},\"inLanguage\":\"fr-FR\",\"potentialAction\":[{\"@type\":\"ReadAction\",\"target\":[\"https:\/\/dev.cori-decor.com\/fr\/produit\/marmorint\/\"]}]},{\"@type\":\"ImageObject\",\"inLanguage\":\"fr-FR\",\"@id\":\"https:\/\/dev.cori-decor.com\/fr\/produit\/marmorint\/#primaryimage\",\"url\":\"https:\/\/dev.cori-decor.com\/wp-content\/uploads\/2023\/12\/0201.jpg\",\"contentUrl\":\"https:\/\/dev.cori-decor.com\/wp-content\/uploads\/2023\/12\/0201.jpg\",\"width\":1094,\"height\":1641,\"caption\":\"marmorint\"},{\"@type\":\"BreadcrumbList\",\"@id\":\"https:\/\/dev.cori-decor.com\/fr\/produit\/marmorint\/#breadcrumb\",\"itemListElement\":[{\"@type\":\"ListItem\",\"position\":1,\"name\":\"Home\",\"item\":\"https:\/\/dev.cori-decor.com\/fr\/page-daccueil\/\"},{\"@type\":\"ListItem\",\"position\":2,\"name\":\"Finiture\",\"item\":\"https:\/\/dev.cori-decor.com\/finiture\/\"},{\"@type\":\"ListItem\",\"position\":3,\"name\":\"Marmorint\"}]},{\"@type\":\"WebSite\",\"@id\":\"https:\/\/dev.cori-decor.com\/fr\/#website\",\"url\":\"https:\/\/dev.cori-decor.com\/fr\/\",\"name\":\"Cori Decor\",\"description\":\"\",\"publisher\":{\"@id\":\"https:\/\/dev.cori-decor.com\/fr\/#organization\"},\"potentialAction\":[{\"@type\":\"SearchAction\",\"target\":{\"@type\":\"EntryPoint\",\"urlTemplate\":\"https:\/\/dev.cori-decor.com\/fr\/?s={search_term_string}\"},\"query-input\":{\"@type\":\"PropertyValueSpecification\",\"valueRequired\":true,\"valueName\":\"search_term_string\"}}],\"inLanguage\":\"fr-FR\"},{\"@type\":\"Organization\",\"@id\":\"https:\/\/dev.cori-decor.com\/fr\/#organization\",\"name\":\"Cori S.r.l.\",\"url\":\"https:\/\/dev.cori-decor.com\/fr\/\",\"logo\":{\"@type\":\"ImageObject\",\"inLanguage\":\"fr-FR\",\"@id\":\"https:\/\/dev.cori-decor.com\/fr\/#\/schema\/logo\/image\/\",\"url\":\"https:\/\/dev.cori-decor.com\/wp-content\/uploads\/2023\/12\/Logo-CORIDECOR.png\",\"contentUrl\":\"https:\/\/dev.cori-decor.com\/wp-content\/uploads\/2023\/12\/Logo-CORIDECOR.png\",\"width\":828,\"height\":320,\"caption\":\"Cori S.r.l.\"},\"image\":{\"@id\":\"https:\/\/dev.cori-decor.com\/fr\/#\/schema\/logo\/image\/\"}}]}<\/script>\n<!-- \/ Yoast SEO plugin. -->","yoast_head_json":{"title":"Marmorint - Enduit \u00e0 la chaux pour l'int\u00e9rieur et l'ext\u00e9rieur | Cori Decor","description":"D\u00e9couvrez Marmorint de Cori Decor : un enduit \u00e0 la chaux de haute qualit\u00e9 id\u00e9al pour des finitions classiques sur les murs int\u00e9rieurs et ext\u00e9rieurs.","robots":{"index":"noindex","follow":"follow","max-snippet":"max-snippet:-1","max-image-preview":"max-image-preview:large","max-video-preview":"max-video-preview:-1"},"og_locale":"fr_FR","og_type":"article","og_title":"Marmorint - Enduit \u00e0 la chaux pour l'int\u00e9rieur et l'ext\u00e9rieur | Cori Decor","og_description":"D\u00e9couvrez Marmorint de Cori Decor : un enduit \u00e0 la chaux de haute qualit\u00e9 id\u00e9al pour des finitions classiques sur les murs int\u00e9rieurs et ext\u00e9rieurs.","og_url":"https:\/\/dev.cori-decor.com\/fr\/produit\/marmorint\/","og_site_name":"Coridecor","article_modified_time":"2024-05-28T15:23:37+00:00","og_image":[{"width":1094,"height":1641,"url":"https:\/\/dev.cori-decor.com\/wp-content\/uploads\/2023\/12\/0201.jpg","type":"image\/jpeg"}],"twitter_card":"summary_large_image","schema":{"@context":"https:\/\/schema.org","@graph":[{"@type":"WebPage","@id":"https:\/\/dev.cori-decor.com\/fr\/produit\/marmorint\/","url":"https:\/\/dev.cori-decor.com\/fr\/produit\/marmorint\/","name":"Marmorint - Enduit \u00e0 la chaux pour l'int\u00e9rieur et l'ext\u00e9rieur | Cori Decor","isPartOf":{"@id":"https:\/\/dev.cori-decor.com\/fr\/#website"},"primaryImageOfPage":{"@id":"https:\/\/dev.cori-decor.com\/fr\/produit\/marmorint\/#primaryimage"},"image":{"@id":"https:\/\/dev.cori-decor.com\/fr\/produit\/marmorint\/#primaryimage"},"thumbnailUrl":"https:\/\/dev.cori-decor.com\/wp-content\/uploads\/2023\/12\/0201.jpg","datePublished":"2023-12-19T09:40:17+00:00","dateModified":"2024-05-28T15:23:37+00:00","description":"D\u00e9couvrez Marmorint de Cori Decor : un enduit \u00e0 la chaux de haute qualit\u00e9 id\u00e9al pour des finitions classiques sur les murs int\u00e9rieurs et ext\u00e9rieurs.","breadcrumb":{"@id":"https:\/\/dev.cori-decor.com\/fr\/produit\/marmorint\/#breadcrumb"},"inLanguage":"fr-FR","potentialAction":[{"@type":"ReadAction","target":["https:\/\/dev.cori-decor.com\/fr\/produit\/marmorint\/"]}]},{"@type":"ImageObject","inLanguage":"fr-FR","@id":"https:\/\/dev.cori-decor.com\/fr\/produit\/marmorint\/#primaryimage","url":"https:\/\/dev.cori-decor.com\/wp-content\/uploads\/2023\/12\/0201.jpg","contentUrl":"https:\/\/dev.cori-decor.com\/wp-content\/uploads\/2023\/12\/0201.jpg","width":1094,"height":1641,"caption":"marmorint"},{"@type":"BreadcrumbList","@id":"https:\/\/dev.cori-decor.com\/fr\/produit\/marmorint\/#breadcrumb","itemListElement":[{"@type":"ListItem","position":1,"name":"Home","item":"https:\/\/dev.cori-decor.com\/fr\/page-daccueil\/"},{"@type":"ListItem","position":2,"name":"Finiture","item":"https:\/\/dev.cori-decor.com\/finiture\/"},{"@type":"ListItem","position":3,"name":"Marmorint"}]},{"@type":"WebSite","@id":"https:\/\/dev.cori-decor.com\/fr\/#website","url":"https:\/\/dev.cori-decor.com\/fr\/","name":"Cori Decor","description":"","publisher":{"@id":"https:\/\/dev.cori-decor.com\/fr\/#organization"},"potentialAction":[{"@type":"SearchAction","target":{"@type":"EntryPoint","urlTemplate":"https:\/\/dev.cori-decor.com\/fr\/?s={search_term_string}"},"query-input":{"@type":"PropertyValueSpecification","valueRequired":true,"valueName":"search_term_string"}}],"inLanguage":"fr-FR"},{"@type":"Organization","@id":"https:\/\/dev.cori-decor.com\/fr\/#organization","name":"Cori S.r.l.","url":"https:\/\/dev.cori-decor.com\/fr\/","logo":{"@type":"ImageObject","inLanguage":"fr-FR","@id":"https:\/\/dev.cori-decor.com\/fr\/#\/schema\/logo\/image\/","url":"https:\/\/dev.cori-decor.com\/wp-content\/uploads\/2023\/12\/Logo-CORIDECOR.png","contentUrl":"https:\/\/dev.cori-decor.com\/wp-content\/uploads\/2023\/12\/Logo-CORIDECOR.png","width":828,"height":320,"caption":"Cori S.r.l."},"image":{"@id":"https:\/\/dev.cori-decor.com\/fr\/#\/schema\/logo\/image\/"}}]}},"_links":{"self":[{"href":"https:\/\/dev.cori-decor.com\/fr\/wp-json\/wp\/v2\/product\/1531","targetHints":{"allow":["GET"]}}],"collection":[{"href":"https:\/\/dev.cori-decor.com\/fr\/wp-json\/wp\/v2\/product"}],"about":[{"href":"https:\/\/dev.cori-decor.com\/fr\/wp-json\/wp\/v2\/types\/product"}],"replies":[{"embeddable":true,"href":"https:\/\/dev.cori-decor.com\/fr\/wp-json\/wp\/v2\/comments?post=1531"}],"wp:featuredmedia":[{"embeddable":true,"href":"https:\/\/dev.cori-decor.com\/fr\/wp-json\/wp\/v2\/media\/568"}],"wp:attachment":[{"href":"https:\/\/dev.cori-decor.com\/fr\/wp-json\/wp\/v2\/media?parent=1531"}],"wp:term":[{"taxonomy":"product_brand","embeddable":true,"href":"https:\/\/dev.cori-decor.com\/fr\/wp-json\/wp\/v2\/product_brand?post=1531"},{"taxonomy":"product_cat","embeddable":true,"href":"https:\/\/dev.cori-decor.com\/fr\/wp-json\/wp\/v2\/product_cat?post=1531"},{"taxonomy":"product_tag","embeddable":true,"href":"https:\/\/dev.cori-decor.com\/fr\/wp-json\/wp\/v2\/product_tag?post=1531"}],"curies":[{"name":"wp","href":"https:\/\/api.w.org\/{rel}","templated":true}]}}